{"id":217,"date":"2025-10-18T00:09:50","date_gmt":"2025-10-17T22:09:50","guid":{"rendered":"https:\/\/mdphysiotherapy.sk\/?page_id=217"},"modified":"2025-12-22T16:53:41","modified_gmt":"2025-12-22T15:53:41","slug":"d-o-m-o-v","status":"publish","type":"page","link":"http:\/\/mdphysiotherapy.sk\/","title":{"rendered":"\u201eLen v\u010faka chorobe,\u00a0 pozn\u00e1me cenu zdravia.\u201c"},"content":{"rendered":"\n<div class=\"wp-block-uagb-container uagb-block-f8a36345 alignfull uagb-is-root-container\"><div class=\"uagb-container-inner-blocks-wrap\">\n<div class=\"wp-block-uagb-container uagb-block-313aa055\">\n\t\t\t<div class=\"wp-block-uagb-post-carousel uagb-post-grid  uagb-post__image-position-top uagb-post__image-enabled uagb-block-92ad9a50     uagb-post__arrow-outside uagb-post__items uagb-post__columns-1 is-carousel uagb-post__columns-tablet-2 uagb-post__columns-mobile-1\" data-total=\"2\" style=\"\">\n\n\t\t\t\t\t\t\t\t\t\t\t\t<article class=\"uagb-post__inner-wrap\">\t\t\t\t\t\t\t\t<h4 class=\"uagb-post__title uagb-post__text\">\n\t\t\t\t<a href=\"http:\/\/mdphysiotherapy.sk\/?p=477\" target=\"_self\" rel=\"bookmark noopener noreferrer\">STAROSTLIVOS\u0164, KTOR\u00c1 PR\u00cdDE ZA VAMI<\/a>\n\t\t\t<\/h4>\n\t\t\t\t\t\t<div class='uagb-post__text uagb-post-grid-byline'>\n\t\t\t\t\t\t\t\t<time datetime=\"2025-10-22T16:49:14+02:00\" class=\"uagb-post__date\">\n\t\t\t\t<span class=\"dashicons-calendar dashicons\"><\/span>\t\t\t\t\t22. okt\u00f3bra 2025\t\t\t\t<\/time>\n\t\t\t\t\t\t\t<span class=\"uagb-post__comment\">\n\t\t\t\t<span class=\"dashicons-admin-comments dashicons\"><\/span>\t\t\t\t\tNekomentovan\u00e9\t\t\t\t<\/span>\n\t\t\t\t\t\t<\/div>\n\t\t\t\t\t\t\t<div class='uagb-post__text uagb-post__excerpt'>\n\t\t\t\t\t<p>Vr\u00e1\u0165te svojmu telu silu, rovnov\u00e1hu a slobodu pohybu. Prin\u00e1\u0161am fyzioterapiu a mas\u00e1\u017ee priamo k v\u00e1m&#8230;\t\t\t\t<\/div>\n\t\t\t\t\t\t<div class=\"uagb-post__text uagb-post__cta wp-block-button\">\n\t\t\t\t<a class=\"wp-block-button__link uagb-text-link\" style=\"\" href=\"http:\/\/mdphysiotherapy.sk\/?p=477\" target=\"_self\" rel=\"bookmark noopener noreferrer\">\u010c\u00edtaj viac<\/a>\n\t\t\t<\/div>\n\t\t\t\n\t\t\t\t\t\t\t\t\t<\/article>\n\t\t\t\t\t\t\t\t\t\t\t<\/div>\n\t\t\t\n\n\n<p><\/p>\n\n\n\n<header class=\"wp-block-uagb-advanced-heading uagb-block-746466c7\"><h2 class=\"uagb-heading-text\">Krok k \u00fa\u013eave za\u010d\u00edna u n\u00e1s!<\/h2><\/header>\n\n\n\n<p>Ak poci\u0165ujete boles\u0165 alebo obmedzenie pohybu som tu pre v\u00e1s. R\u00e1d zodpoviem va\u0161e ot\u00e1zky a pom\u00f4\u017eem v\u00e1m n\u00e1js\u0165 cestu k lep\u0161iemu pohybu.<\/p>\n\n\n\n<div class=\"wp-block-uagb-container uagb-block-7d4609df\">\n<!-- Messenger Chat Button -->\n<a href=\"https:\/\/m.me\/MDphysiotherapy\" target=\"_blank\" class=\"messenger-float\">\n  <svg xmlns=\"http:\/\/www.w3.org\/2000\/svg\" viewBox=\"0 0 36 36\" width=\"26\" height=\"26\" style=\"margin-right:8px;\">\n    <path fill=\"#FFFFFF\" d=\"M18 0C8.058 0 0 7.312 0 16.333c0 5.129 2.592 9.683 6.642 12.656V36l6.1-3.349c1.675.467 3.462.716 5.258.716 9.942 0 18-7.312 18-16.334C36 7.312 27.942 0 18 0zM19.775 21.283l-4.75-5.05-8.675 5.05 9.525-10.333 4.75 5.05 8.675-5.05-9.525 10.333z\"\/>\n  <\/svg>\n  Nap\u00ed\u0161 mi na Messengeri\n<\/a>\n\n<style>\n.messenger-float {\n  position: fixed;\n  bottom: 22px;\n  right: 22px;\n  display: flex;\n  align-items: center;\n  justify-content: center;\n  background-color: #0084FF;\n  color: #fff;\n  font-size: 16px;\n  font-weight: 600;\n  text-decoration: none;\n  border-radius: 50px;\n  padding: 12px 18px;\n  box-shadow: 0 4px 15px rgba(0,0,0,0.25);\n  transition: transform 0.2s ease, box-shadow 0.3s ease, background-color 0.3s ease;\n  z-index: 9999;\n}\n.messenger-float:hover {\n  background-color: #006fe6;\n  transform: translateY(-2px);\n  box-shadow: 0 6px 18px rgba(0,0,0,0.3);\n}\n@media (max-width: 768px) {\n  .messenger-float {\n    font-size: 0;\n    width: 54px;\n    height: 54px;\n    border-radius: 50%;\n    padding: 0;\n    justify-content: center;\n  }\n  .messenger-float svg {\n    margin: 0;\n  }\n}\n<\/style>\n<\/div>\n<\/div>\n\n\n\n<div class=\"wp-block-uagb-container uagb-block-c6a57536\">\n<div class=\"fb-embed\">\n  <iframe\n    title=\"Facebook post\"\n    src=\"https:\/\/www.facebook.com\/plugins\/post.php?href=https%3A%2F%2Fwww.facebook.com%2FMDphysiotherapy%2Fposts%2Fpfbid06NVtg5ioP6nevyM2o4nEFLUGSiQnVBiqi1LKDRotuRQYDRxK4AKJq9pVB5r3V1fal&#038;show_text=true&#038;width=500\"\n    style=\"border:none;overflow:hidden;width:100%;height:650px;\"\n    scrolling=\"no\"\n    frameborder=\"0\"\n    allowfullscreen=\"true\"\n    allow=\"autoplay; clipboard-write; encrypted-media; picture-in-picture; web-share\">\n  <\/iframe>\n<\/div>\n\n<style>\n  .fb-embed{max-width:500px;width:100%;margin:0 auto;}\n<\/style>\n\n<\/div>\n<\/div><\/div>\n\n\n\n<section class=\"mdp-sluzby\">\n  <h2>Na\u0161e slu\u017eby<\/h2>\n  <div class=\"mdp-grid\">\n\n    <a class=\"mdp-card\" href=\"https:\/\/mdphysiotherapy.sk\/?page_id=41#klasicka-masaz\">\n      <img decoding=\"async\" src=\"https:\/\/mdphysiotherapy.sk\/wp-content\/uploads\/2017\/06\/wellness-285589_1920.jpg\" alt=\"Klasick\u00e1 mas\u00e1\u017e\" loading=\"lazy\">\n      <h3>Klasick\u00e1 mas\u00e1\u017e<\/h3>\n    <\/a>\n\n    <a class=\"mdp-card\" href=\"https:\/\/mdphysiotherapy.sk\/?page_id=41#masaz-tvare\">\n      <img decoding=\"async\" src=\"https:\/\/mdphysiotherapy.sk\/wp-content\/uploads\/2017\/06\/massage-1929064_1920.jpg\" alt=\"Mas\u00e1\u017e tv\u00e1re\" loading=\"lazy\">\n      <h3>Mas\u00e1\u017e tv\u00e1re<\/h3>\n    <\/a>\n\n    <a class=\"mdp-card\" href=\"https:\/\/mdphysiotherapy.sk\/?page_id=41#reflexna-masaz\">\n      <img decoding=\"async\" src=\"https:\/\/mdphysiotherapy.sk\/wp-content\/uploads\/2017\/06\/foot-massage-2277450_1920.jpg\" alt=\"Reflexn\u00e1 mas\u00e1\u017e\" loading=\"lazy\">\n      <h3>Reflexn\u00e1 mas\u00e1\u017e<\/h3>\n    <\/a>\n\n    <a class=\"mdp-card\" href=\"https:\/\/mdphysiotherapy.sk\/?page_id=41#bankovanie\">\n      <img decoding=\"async\" src=\"https:\/\/mdphysiotherapy.sk\/wp-content\/uploads\/2017\/06\/fff710b5048ac28364b652846fcf4ef4.jpg\" alt=\"Bankovanie\" loading=\"lazy\">\n      <h3>Bankovanie<\/h3>\n    <\/a>\n\n    <a class=\"mdp-card\" href=\"https:\/\/mdphysiotherapy.sk\/?page_id=41#makke-techniky\">\n      <img decoding=\"async\" src=\"https:\/\/mdphysiotherapy.sk\/wp-content\/uploads\/2017\/06\/2712765-377a69.jpg\" alt=\"M\u00e4kk\u00e9 techniky\" loading=\"lazy\">\n      <h3>M\u00e4kk\u00e9 techniky<\/h3>\n    <\/a>\n\n    <a class=\"mdp-card\" href=\"https:\/\/mdphysiotherapy.sk\/?page_id=41#kinesiotaping\">\n      <img decoding=\"async\" src=\"https:\/\/mdphysiotherapy.sk\/wp-content\/uploads\/2017\/06\/IS_BI2016_036.jpeg\" alt=\"Kinesiotaping\" loading=\"lazy\">\n      <h3>Kinesiotaping<\/h3>\n    <\/a>\n\n    <a class=\"mdp-card\" href=\"https:\/\/mdphysiotherapy.sk\/?page_id=41#individualna-fyzioterapia\">\n      <img decoding=\"async\" src=\"http:\/\/mdphysiotherapy.sk\/wp-content\/uploads\/2025\/10\/yoga-day-4542707-scaled.jpg\" alt=\"Individu\u00e1lna fyzioterapia\" loading=\"lazy\">\n      <h3>Individu\u00e1lna fyzioterapia<\/h3>\n    <\/a>\n\n  <\/div>\n<\/section>\n","protected":false},"excerpt":{"rendered":"<p>Krok k \u00fa\u013eave za\u010d\u00edna u n\u00e1s! Ak poci\u0165ujete boles\u0165 alebo obmedzenie pohybu som tu pre v\u00e1s. R\u00e1d zodpoviem va\u0161e ot\u00e1zky a pom\u00f4\u017eem v\u00e1m n\u00e1js\u0165 cestu k lep\u0161iemu pohybu. Nap\u00ed\u0161 mi na Messengeri Na\u0161e slu\u017eby Klasick\u00e1 mas\u00e1\u017e Mas\u00e1\u017e tv\u00e1re Reflexn\u00e1 mas\u00e1\u017e Bankovanie M\u00e4kk\u00e9 techniky Kinesiotaping Individu\u00e1lna fyzioterapia<\/p>\n","protected":false},"author":1,"featured_media":0,"parent":0,"menu_order":0,"comment_status":"closed","ping_status":"closed","template":"","meta":{"_uag_custom_page_level_css":"","footnotes":""},"class_list":["post-217","page","type-page","status-publish","hentry"],"yoast_head":"<!-- This site is optimized with the Yoast SEO plugin v27.5 - https:\/\/yoast.com\/product\/yoast-seo-wordpress\/ -->\n<title>\u201eLen v\u010faka chorobe,\u00a0 pozn\u00e1me cenu zdravia.\u201c - MDPhysiotherapy.sk<\/title>\n<meta name=\"robots\" content=\"index, follow, max-snippet:-1, max-image-preview:large, max-video-preview:-1\" \/>\n<link rel=\"canonical\" href=\"https:\/\/mdphysiotherapy.sk\/\" \/>\n<meta property=\"og:locale\" content=\"sk_SK\" \/>\n<meta property=\"og:type\" content=\"article\" \/>\n<meta property=\"og:title\" content=\"\u201eLen v\u010faka chorobe,\u00a0 pozn\u00e1me cenu zdravia.\u201c - MDPhysiotherapy.sk\" \/>\n<meta property=\"og:description\" content=\"Krok k \u00fa\u013eave za\u010d\u00edna u n\u00e1s! Ak poci\u0165ujete boles\u0165 alebo obmedzenie pohybu som tu pre v\u00e1s. R\u00e1d zodpoviem va\u0161e ot\u00e1zky a pom\u00f4\u017eem v\u00e1m n\u00e1js\u0165 cestu k lep\u0161iemu pohybu. Nap\u00ed\u0161 mi na Messengeri Na\u0161e slu\u017eby Klasick\u00e1 mas\u00e1\u017e Mas\u00e1\u017e tv\u00e1re Reflexn\u00e1 mas\u00e1\u017e Bankovanie M\u00e4kk\u00e9 techniky Kinesiotaping Individu\u00e1lna fyzioterapia\" \/>\n<meta property=\"og:url\" content=\"https:\/\/mdphysiotherapy.sk\/\" \/>\n<meta property=\"og:site_name\" content=\"MDPhysiotherapy.sk\" \/>\n<meta property=\"article:modified_time\" content=\"2025-12-22T15:53:41+00:00\" \/>\n<meta property=\"og:image\" content=\"https:\/\/mdphysiotherapy.sk\/wp-content\/uploads\/2017\/06\/wellness-285589_1920.jpg\" \/>\n<meta name=\"twitter:card\" content=\"summary_large_image\" \/>\n<meta name=\"twitter:label1\" content=\"Predpokladan\u00fd \u010das \u010d\u00edtania\" \/>\n\t<meta name=\"twitter:data1\" content=\"2 min\u00faty\" \/>\n<script type=\"application\/ld+json\" class=\"yoast-schema-graph\">{\"@context\":\"https:\\\/\\\/schema.org\",\"@graph\":[{\"@type\":\"WebPage\",\"@id\":\"https:\\\/\\\/mdphysiotherapy.sk\\\/\",\"url\":\"https:\\\/\\\/mdphysiotherapy.sk\\\/\",\"name\":\"\u201eLen v\u010faka chorobe,\u00a0 pozn\u00e1me cenu zdravia.\u201c - MDPhysiotherapy.sk\",\"isPartOf\":{\"@id\":\"https:\\\/\\\/mdphysiotherapy.sk\\\/#website\"},\"primaryImageOfPage\":{\"@id\":\"https:\\\/\\\/mdphysiotherapy.sk\\\/#primaryimage\"},\"image\":{\"@id\":\"https:\\\/\\\/mdphysiotherapy.sk\\\/#primaryimage\"},\"thumbnailUrl\":\"https:\\\/\\\/mdphysiotherapy.sk\\\/wp-content\\\/uploads\\\/2017\\\/06\\\/wellness-285589_1920.jpg\",\"datePublished\":\"2025-10-17T22:09:50+00:00\",\"dateModified\":\"2025-12-22T15:53:41+00:00\",\"breadcrumb\":{\"@id\":\"https:\\\/\\\/mdphysiotherapy.sk\\\/#breadcrumb\"},\"inLanguage\":\"sk-SK\",\"potentialAction\":[{\"@type\":\"ReadAction\",\"target\":[\"https:\\\/\\\/mdphysiotherapy.sk\\\/\"]}]},{\"@type\":\"ImageObject\",\"inLanguage\":\"sk-SK\",\"@id\":\"https:\\\/\\\/mdphysiotherapy.sk\\\/#primaryimage\",\"url\":\"http:\\\/\\\/mdphysiotherapy.sk\\\/wp-content\\\/uploads\\\/2017\\\/06\\\/wellness-285589_1920.jpg\",\"contentUrl\":\"http:\\\/\\\/mdphysiotherapy.sk\\\/wp-content\\\/uploads\\\/2017\\\/06\\\/wellness-285589_1920.jpg\",\"width\":1920,\"height\":1280},{\"@type\":\"BreadcrumbList\",\"@id\":\"https:\\\/\\\/mdphysiotherapy.sk\\\/#breadcrumb\",\"itemListElement\":[{\"@type\":\"ListItem\",\"position\":1,\"name\":\"Home\",\"item\":\"https:\\\/\\\/mdphysiotherapy.sk\\\/\"},{\"@type\":\"ListItem\",\"position\":2,\"name\":\"\u201eLen v\u010faka chorobe,\u00a0 pozn\u00e1me cenu zdravia.\u201c\"}]},{\"@type\":\"WebSite\",\"@id\":\"https:\\\/\\\/mdphysiotherapy.sk\\\/#website\",\"url\":\"https:\\\/\\\/mdphysiotherapy.sk\\\/\",\"name\":\"MDPhysiotherapy.sk\",\"description\":\"\",\"potentialAction\":[{\"@type\":\"SearchAction\",\"target\":{\"@type\":\"EntryPoint\",\"urlTemplate\":\"https:\\\/\\\/mdphysiotherapy.sk\\\/?s={search_term_string}\"},\"query-input\":{\"@type\":\"PropertyValueSpecification\",\"valueRequired\":true,\"valueName\":\"search_term_string\"}}],\"inLanguage\":\"sk-SK\"}]}<\/script>\n<!-- \/ Yoast SEO plugin. -->","yoast_head_json":{"title":"\u201eLen v\u010faka chorobe,\u00a0 pozn\u00e1me cenu zdravia.\u201c - MDPhysiotherapy.sk","robots":{"index":"index","follow":"follow","max-snippet":"max-snippet:-1","max-image-preview":"max-image-preview:large","max-video-preview":"max-video-preview:-1"},"canonical":"https:\/\/mdphysiotherapy.sk\/","og_locale":"sk_SK","og_type":"article","og_title":"\u201eLen v\u010faka chorobe,\u00a0 pozn\u00e1me cenu zdravia.\u201c - MDPhysiotherapy.sk","og_description":"Krok k \u00fa\u013eave za\u010d\u00edna u n\u00e1s! Ak poci\u0165ujete boles\u0165 alebo obmedzenie pohybu som tu pre v\u00e1s. R\u00e1d zodpoviem va\u0161e ot\u00e1zky a pom\u00f4\u017eem v\u00e1m n\u00e1js\u0165 cestu k lep\u0161iemu pohybu. Nap\u00ed\u0161 mi na Messengeri Na\u0161e slu\u017eby Klasick\u00e1 mas\u00e1\u017e Mas\u00e1\u017e tv\u00e1re Reflexn\u00e1 mas\u00e1\u017e Bankovanie M\u00e4kk\u00e9 techniky Kinesiotaping Individu\u00e1lna fyzioterapia","og_url":"https:\/\/mdphysiotherapy.sk\/","og_site_name":"MDPhysiotherapy.sk","article_modified_time":"2025-12-22T15:53:41+00:00","og_image":[{"url":"https:\/\/mdphysiotherapy.sk\/wp-content\/uploads\/2017\/06\/wellness-285589_1920.jpg","type":"","width":"","height":""}],"twitter_card":"summary_large_image","twitter_misc":{"Predpokladan\u00fd \u010das \u010d\u00edtania":"2 min\u00faty"},"schema":{"@context":"https:\/\/schema.org","@graph":[{"@type":"WebPage","@id":"https:\/\/mdphysiotherapy.sk\/","url":"https:\/\/mdphysiotherapy.sk\/","name":"\u201eLen v\u010faka chorobe,\u00a0 pozn\u00e1me cenu zdravia.\u201c - MDPhysiotherapy.sk","isPartOf":{"@id":"https:\/\/mdphysiotherapy.sk\/#website"},"primaryImageOfPage":{"@id":"https:\/\/mdphysiotherapy.sk\/#primaryimage"},"image":{"@id":"https:\/\/mdphysiotherapy.sk\/#primaryimage"},"thumbnailUrl":"https:\/\/mdphysiotherapy.sk\/wp-content\/uploads\/2017\/06\/wellness-285589_1920.jpg","datePublished":"2025-10-17T22:09:50+00:00","dateModified":"2025-12-22T15:53:41+00:00","breadcrumb":{"@id":"https:\/\/mdphysiotherapy.sk\/#breadcrumb"},"inLanguage":"sk-SK","potentialAction":[{"@type":"ReadAction","target":["https:\/\/mdphysiotherapy.sk\/"]}]},{"@type":"ImageObject","inLanguage":"sk-SK","@id":"https:\/\/mdphysiotherapy.sk\/#primaryimage","url":"http:\/\/mdphysiotherapy.sk\/wp-content\/uploads\/2017\/06\/wellness-285589_1920.jpg","contentUrl":"http:\/\/mdphysiotherapy.sk\/wp-content\/uploads\/2017\/06\/wellness-285589_1920.jpg","width":1920,"height":1280},{"@type":"BreadcrumbList","@id":"https:\/\/mdphysiotherapy.sk\/#breadcrumb","itemListElement":[{"@type":"ListItem","position":1,"name":"Home","item":"https:\/\/mdphysiotherapy.sk\/"},{"@type":"ListItem","position":2,"name":"\u201eLen v\u010faka chorobe,\u00a0 pozn\u00e1me cenu zdravia.\u201c"}]},{"@type":"WebSite","@id":"https:\/\/mdphysiotherapy.sk\/#website","url":"https:\/\/mdphysiotherapy.sk\/","name":"MDPhysiotherapy.sk","description":"","potentialAction":[{"@type":"SearchAction","target":{"@type":"EntryPoint","urlTemplate":"https:\/\/mdphysiotherapy.sk\/?s={search_term_string}"},"query-input":{"@type":"PropertyValueSpecification","valueRequired":true,"valueName":"search_term_string"}}],"inLanguage":"sk-SK"}]}},"uagb_featured_image_src":{"full":false,"thumbnail":false,"medium":false,"medium_large":false,"large":false,"1536x1536":false,"2048x2048":false,"post-thumbnail":false,"refur-sticky":false,"refur-showcase":false},"uagb_author_info":{"display_name":"admin","author_link":"http:\/\/mdphysiotherapy.sk\/?author=1"},"uagb_comment_info":0,"uagb_excerpt":"Krok k \u00fa\u013eave za\u010d\u00edna u n\u00e1s! Ak poci\u0165ujete boles\u0165 alebo obmedzenie pohybu som tu pre v\u00e1s. R\u00e1d zodpoviem va\u0161e ot\u00e1zky a pom\u00f4\u017eem v\u00e1m n\u00e1js\u0165 cestu k lep\u0161iemu pohybu. Nap\u00ed\u0161 mi na Messengeri Na\u0161e slu\u017eby Klasick\u00e1 mas\u00e1\u017e Mas\u00e1\u017e tv\u00e1re Reflexn\u00e1 mas\u00e1\u017e Bankovanie M\u00e4kk\u00e9 techniky Kinesiotaping Individu\u00e1lna fyzioterapia","_links":{"self":[{"href":"http:\/\/mdphysiotherapy.sk\/index.php?rest_route=\/wp\/v2\/pages\/217","targetHints":{"allow":["GET"]}}],"collection":[{"href":"http:\/\/mdphysiotherapy.sk\/index.php?rest_route=\/wp\/v2\/pages"}],"about":[{"href":"http:\/\/mdphysiotherapy.sk\/index.php?rest_route=\/wp\/v2\/types\/page"}],"author":[{"embeddable":true,"href":"http:\/\/mdphysiotherapy.sk\/index.php?rest_route=\/wp\/v2\/users\/1"}],"replies":[{"embeddable":true,"href":"http:\/\/mdphysiotherapy.sk\/index.php?rest_route=%2Fwp%2Fv2%2Fcomments&post=217"}],"version-history":[{"count":7,"href":"http:\/\/mdphysiotherapy.sk\/index.php?rest_route=\/wp\/v2\/pages\/217\/revisions"}],"predecessor-version":[{"id":497,"href":"http:\/\/mdphysiotherapy.sk\/index.php?rest_route=\/wp\/v2\/pages\/217\/revisions\/497"}],"wp:attachment":[{"href":"http:\/\/mdphysiotherapy.sk\/index.php?rest_route=%2Fwp%2Fv2%2Fmedia&parent=217"}],"curies":[{"name":"wp","href":"https:\/\/api.w.org\/{rel}","templated":true}]}}