{"id":2,"date":"2017-05-23T19:35:16","date_gmt":"2017-05-23T17:35:16","guid":{"rendered":"http:\/\/mdphysiotherapy.sk\/?page_id=2"},"modified":"2026-02-16T20:37:28","modified_gmt":"2026-02-16T19:37:28","slug":"ukazka-strany","status":"publish","type":"page","link":"https:\/\/mdphysiotherapy.sk\/?page_id=2","title":{"rendered":"O MNE"},"content":{"rendered":"\n<p><\/p>\n\n\n\n<div class=\"wp-block-uagb-container uagb-block-6aed79f6 alignfull uagb-is-root-container\"><div class=\"uagb-container-inner-blocks-wrap\">\n<div class=\"wp-block-media-text is-stacked-on-mobile is-vertically-aligned-center\" style=\"grid-template-columns:34% auto\"><figure class=\"wp-block-media-text__media\"><img loading=\"lazy\" decoding=\"async\" width=\"704\" height=\"1024\" src=\"http:\/\/mdphysiotherapy.sk\/wp-content\/uploads\/2025\/10\/926917e0-1de7-4556-87ce-d287bc3f9e08-1-704x1024.jpg\" alt=\"\" class=\"wp-image-375 size-full\" srcset=\"https:\/\/mdphysiotherapy.sk\/wp-content\/uploads\/2025\/10\/926917e0-1de7-4556-87ce-d287bc3f9e08-1-704x1024.jpg 704w, https:\/\/mdphysiotherapy.sk\/wp-content\/uploads\/2025\/10\/926917e0-1de7-4556-87ce-d287bc3f9e08-1-206x300.jpg 206w, https:\/\/mdphysiotherapy.sk\/wp-content\/uploads\/2025\/10\/926917e0-1de7-4556-87ce-d287bc3f9e08-1-768x1118.jpg 768w, https:\/\/mdphysiotherapy.sk\/wp-content\/uploads\/2025\/10\/926917e0-1de7-4556-87ce-d287bc3f9e08-1.jpg 900w\" sizes=\"auto, (max-width: 704px) 100vw, 704px\" \/><\/figure><div class=\"wp-block-media-text__content\">\n<p><\/p>\n\n\n\n<div class=\"wp-block-uagb-advanced-heading uagb-block-05aa77ce\"><h2 class=\"uagb-heading-text\">Bc. Matej Drbul<\/h2><\/div>\n\n\n\n<div class=\"wp-block-uagb-icon-list uagb-block-a7f7e70a\"><div class=\"uagb-icon-list__wrap\">\n<div class=\"wp-block-uagb-icon-list-child uagb-block-437366cf\"><span class=\"uagb-icon-list__source-wrap\"><svg xmlns=\"https:\/\/www.w3.org\/2000\/svg\" viewBox=\"0 0 256 512\"><path d=\"M64 448c-8.188 0-16.38-3.125-22.62-9.375c-12.5-12.5-12.5-32.75 0-45.25L178.8 256L41.38 118.6c-12.5-12.5-12.5-32.75 0-45.25s32.75-12.5 45.25 0l160 160c12.5 12.5 12.5 32.75 0 45.25l-160 160C80.38 444.9 72.19 448 64 448z\"><\/path><\/svg><\/span><span class=\"uagb-icon-list__label\">Fyzioterapeut<\/span><\/div>\n\n\n\n<div class=\"wp-block-uagb-icon-list-child uagb-block-9c5a6db2\"><span class=\"uagb-icon-list__source-wrap\"><svg xmlns=\"https:\/\/www.w3.org\/2000\/svg\" viewBox=\"0 0 256 512\"><path d=\"M64 448c-8.188 0-16.38-3.125-22.62-9.375c-12.5-12.5-12.5-32.75 0-45.25L178.8 256L41.38 118.6c-12.5-12.5-12.5-32.75 0-45.25s32.75-12.5 45.25 0l160 160c12.5 12.5 12.5 32.75 0 45.25l-160 160C80.38 444.9 72.19 448 64 448z\"><\/path><\/svg><\/span><span class=\"uagb-icon-list__label\">Mas\u00e9r<\/span><\/div>\n\n\n\n<div class=\"wp-block-uagb-icon-list-child uagb-block-ab4327c1\"><span class=\"uagb-icon-list__source-wrap\"><svg xmlns=\"https:\/\/www.w3.org\/2000\/svg\" viewBox=\"0 0 256 512\"><path d=\"M64 448c-8.188 0-16.38-3.125-22.62-9.375c-12.5-12.5-12.5-32.75 0-45.25L178.8 256L41.38 118.6c-12.5-12.5-12.5-32.75 0-45.25s32.75-12.5 45.25 0l160 160c12.5 12.5 12.5 32.75 0 45.25l-160 160C80.38 444.9 72.19 448 64 448z\"><\/path><\/svg><\/span><span class=\"uagb-icon-list__label\">Tr\u00e9ner I. stupe\u0148<\/span><\/div>\n<\/div><\/div>\n\n\n\n<div class=\"wp-block-uagb-separator uagb-block-d3fa27ae\"><div class=\"wp-block-uagb-separator__inner\" style=\"--my-background-image:\"><\/div><\/div>\n\n\n\n<h2 class=\"wp-block-heading has-medium-font-size\">Vzdelanie:<\/h2>\n\n\n\n<div class=\"wp-block-uagb-content-timeline uagb-timeline__outer-wrap uagb-block-9bf6ccd8 uagb-timeline__content-wrap uagb-timeline__center-block  uagb-timeline__arrow-center uagb-timeline\">\n<article class=\"wp-block-uagb-content-timeline-child uagb-timeline__field uagb-timeline-child-e3c1957e uagb-timeline__right\"><div class=\"uagb-timeline__marker out-view-uagb-timeline__icon\"><svg xmlns=\"https:\/\/www.w3.org\/2000\/svg\" viewBox=\"0 0 448 512\"><path d=\"M160 32V64H288V32C288 14.33 302.3 0 320 0C337.7 0 352 14.33 352 32V64H400C426.5 64 448 85.49 448 112V160H0V112C0 85.49 21.49 64 48 64H96V32C96 14.33 110.3 0 128 0C145.7 0 160 14.33 160 32zM0 192H448V464C448 490.5 426.5 512 400 512H48C21.49 512 0 490.5 0 464V192zM64 304C64 312.8 71.16 320 80 320H112C120.8 320 128 312.8 128 304V272C128 263.2 120.8 256 112 256H80C71.16 256 64 263.2 64 272V304zM192 304C192 312.8 199.2 320 208 320H240C248.8 320 256 312.8 256 304V272C256 263.2 248.8 256 240 256H208C199.2 256 192 263.2 192 272V304zM336 256C327.2 256 320 263.2 320 272V304C320 312.8 327.2 320 336 320H368C376.8 320 384 312.8 384 304V272C384 263.2 376.8 256 368 256H336zM64 432C64 440.8 71.16 448 80 448H112C120.8 448 128 440.8 128 432V400C128 391.2 120.8 384 112 384H80C71.16 384 64 391.2 64 400V432zM208 384C199.2 384 192 391.2 192 400V432C192 440.8 199.2 448 208 448H240C248.8 448 256 440.8 256 432V400C256 391.2 248.8 384 240 384H208zM320 432C320 440.8 327.2 448 336 448H368C376.8 448 384 440.8 384 432V400C384 391.2 376.8 384 368 384H336C327.2 384 320 391.2 320 400V432z\"><\/path><\/svg><\/div><div class=\"uagb-timeline__day-new uagb-timeline__day-right uagb-timeline__events-inner-new\"><div class=\"uagb-timeline__events-inner--content\"><div class=\"uagb-timeline__date-hide uagb-timeline__inner-date-new\">m\u00e1j 31, 2013<\/div><h4 class=\"uagb-timeline__heading\">Fyzioterapia<\/h4><p class=\"uagb-timeline-desc-content\">Tren\u010dianska Univerzita Alexandra Dub\u010deka v\u00a0Tren\u010d\u00edne \u2013 odbor Fyzioterapia (Bakal\u00e1rsky titul)<\/p><div class=\"uagb-timeline__arrow\"><\/div><\/div><\/div><div class=\"uagb-timeline__date-new\">m\u00e1j 31, 2013<\/div><\/article>\n\n\n\n<article class=\"wp-block-uagb-content-timeline-child uagb-timeline__field uagb-timeline-child-afa0c44c uagb-timeline__left\"><div class=\"uagb-timeline__marker out-view-uagb-timeline__icon\"><svg xmlns=\"https:\/\/www.w3.org\/2000\/svg\" viewBox=\"0 0 448 512\"><path d=\"M160 32V64H288V32C288 14.33 302.3 0 320 0C337.7 0 352 14.33 352 32V64H400C426.5 64 448 85.49 448 112V160H0V112C0 85.49 21.49 64 48 64H96V32C96 14.33 110.3 0 128 0C145.7 0 160 14.33 160 32zM0 192H448V464C448 490.5 426.5 512 400 512H48C21.49 512 0 490.5 0 464V192zM64 304C64 312.8 71.16 320 80 320H112C120.8 320 128 312.8 128 304V272C128 263.2 120.8 256 112 256H80C71.16 256 64 263.2 64 272V304zM192 304C192 312.8 199.2 320 208 320H240C248.8 320 256 312.8 256 304V272C256 263.2 248.8 256 240 256H208C199.2 256 192 263.2 192 272V304zM336 256C327.2 256 320 263.2 320 272V304C320 312.8 327.2 320 336 320H368C376.8 320 384 312.8 384 304V272C384 263.2 376.8 256 368 256H336zM64 432C64 440.8 71.16 448 80 448H112C120.8 448 128 440.8 128 432V400C128 391.2 120.8 384 112 384H80C71.16 384 64 391.2 64 400V432zM208 384C199.2 384 192 391.2 192 400V432C192 440.8 199.2 448 208 448H240C248.8 448 256 440.8 256 432V400C256 391.2 248.8 384 240 384H208zM320 432C320 440.8 327.2 448 336 448H368C376.8 448 384 440.8 384 432V400C384 391.2 376.8 384 368 384H336C327.2 384 320 391.2 320 400V432z\"><\/path><\/svg><\/div><div class=\"uagb-timeline__day-new uagb-timeline__day-left uagb-timeline__events-inner-new\"><div class=\"uagb-timeline__events-inner--content\"><div class=\"uagb-timeline__date-hide uagb-timeline__inner-date-new\">j\u00fan 30, 2010<\/div><h4 class=\"uagb-timeline__heading\">Mas\u00e9r<\/h4><p class=\"uagb-timeline-desc-content\">Stredn\u00e1 odborn\u00e1 \u0161kola zdravotn\u00edcka v\u00a0\u017diline \u2013 odbor Mas\u00e9r<\/p><div class=\"uagb-timeline__arrow\"><\/div><\/div><\/div><div class=\"uagb-timeline__date-new\">j\u00fan 30, 2010<\/div><\/article>\n<div class=\"uagb-timeline__line\"><div class=\"uagb-timeline__line__inner\"><\/div><\/div><\/div>\n<\/div><\/div>\n<\/div><\/div>\n\n\n\n<div class=\"wp-block-uagb-container uagb-block-f8368e4a alignfull uagb-is-root-container\"><div class=\"uagb-container-inner-blocks-wrap\"><\/div><\/div>\n\n\n\n<div class=\"wp-block-uagb-advanced-heading uagb-block-90805d98\"><h2 class=\"uagb-heading-text\"><strong>Kurzy a&nbsp;certifik\u00e1ty:<\/strong><\/h2><\/div>\n\n\n\n<div data-aos= \"fade\" data-aos-duration=\"400\" data-aos-delay=\"0\" data-aos-easing=\"ease\" data-aos-once=\"true\" class=\"wp-block-uagb-container uagb-block-0f81aeeb alignfull uagb-is-root-container\"><div class=\"uagb-container-inner-blocks-wrap\">\n<div class=\"wp-block-uagb-container uagb-block-b8ce7532\">\n<figure class=\"wp-block-image size-large\"><img loading=\"lazy\" decoding=\"async\" width=\"720\" height=\"1024\" src=\"http:\/\/mdphysiotherapy.sk\/wp-content\/uploads\/2025\/10\/c9122d30-d247-41c1-a71e-61cabea84407-720x1024.jpg\" alt=\"\" class=\"wp-image-363\" srcset=\"https:\/\/mdphysiotherapy.sk\/wp-content\/uploads\/2025\/10\/c9122d30-d247-41c1-a71e-61cabea84407-720x1024.jpg 720w, https:\/\/mdphysiotherapy.sk\/wp-content\/uploads\/2025\/10\/c9122d30-d247-41c1-a71e-61cabea84407-211x300.jpg 211w, https:\/\/mdphysiotherapy.sk\/wp-content\/uploads\/2025\/10\/c9122d30-d247-41c1-a71e-61cabea84407-768x1092.jpg 768w, https:\/\/mdphysiotherapy.sk\/wp-content\/uploads\/2025\/10\/c9122d30-d247-41c1-a71e-61cabea84407.jpg 1031w\" sizes=\"auto, (max-width: 720px) 100vw, 720px\" \/><\/figure>\n<\/div>\n\n\n\n<div class=\"wp-block-uagb-container uagb-block-87fefa0b\">\n<figure class=\"wp-block-image size-large\"><img loading=\"lazy\" decoding=\"async\" width=\"726\" height=\"1024\" src=\"http:\/\/mdphysiotherapy.sk\/wp-content\/uploads\/2025\/10\/e0a94d36-2cca-4a86-91c1-816cbaa5fb5c-726x1024.jpg\" alt=\"\" class=\"wp-image-362\" srcset=\"https:\/\/mdphysiotherapy.sk\/wp-content\/uploads\/2025\/10\/e0a94d36-2cca-4a86-91c1-816cbaa5fb5c-726x1024.jpg 726w, https:\/\/mdphysiotherapy.sk\/wp-content\/uploads\/2025\/10\/e0a94d36-2cca-4a86-91c1-816cbaa5fb5c-213x300.jpg 213w, https:\/\/mdphysiotherapy.sk\/wp-content\/uploads\/2025\/10\/e0a94d36-2cca-4a86-91c1-816cbaa5fb5c-768x1084.jpg 768w, https:\/\/mdphysiotherapy.sk\/wp-content\/uploads\/2025\/10\/e0a94d36-2cca-4a86-91c1-816cbaa5fb5c.jpg 993w\" sizes=\"auto, (max-width: 726px) 100vw, 726px\" \/><\/figure>\n<\/div>\n\n\n\n<div class=\"wp-block-uagb-container uagb-block-1daaf39b\">\n<figure class=\"wp-block-image size-large\"><img loading=\"lazy\" decoding=\"async\" width=\"733\" height=\"1024\" src=\"https:\/\/mdphysiotherapy.sk\/wp-content\/uploads\/2025\/12\/PHOTO-2025-12-22-20-28-22-733x1024.jpg\" alt=\"\" class=\"wp-image-498\" srcset=\"https:\/\/mdphysiotherapy.sk\/wp-content\/uploads\/2025\/12\/PHOTO-2025-12-22-20-28-22-733x1024.jpg 733w, https:\/\/mdphysiotherapy.sk\/wp-content\/uploads\/2025\/12\/PHOTO-2025-12-22-20-28-22-215x300.jpg 215w, https:\/\/mdphysiotherapy.sk\/wp-content\/uploads\/2025\/12\/PHOTO-2025-12-22-20-28-22-768x1072.jpg 768w, https:\/\/mdphysiotherapy.sk\/wp-content\/uploads\/2025\/12\/PHOTO-2025-12-22-20-28-22-1100x1536.jpg 1100w, https:\/\/mdphysiotherapy.sk\/wp-content\/uploads\/2025\/12\/PHOTO-2025-12-22-20-28-22.jpg 1300w\" sizes=\"auto, (max-width: 733px) 100vw, 733px\" \/><\/figure>\n<\/div>\n\n\n\n<div class=\"wp-block-uagb-container uagb-block-c23fa6b4\">\n<figure class=\"wp-block-image size-large\"><img loading=\"lazy\" decoding=\"async\" width=\"714\" height=\"1024\" src=\"http:\/\/mdphysiotherapy.sk\/wp-content\/uploads\/2025\/10\/aa2c258d-2871-40fe-b60f-0becae1eb901-714x1024.jpg\" alt=\"\" class=\"wp-image-360\" srcset=\"https:\/\/mdphysiotherapy.sk\/wp-content\/uploads\/2025\/10\/aa2c258d-2871-40fe-b60f-0becae1eb901-714x1024.jpg 714w, https:\/\/mdphysiotherapy.sk\/wp-content\/uploads\/2025\/10\/aa2c258d-2871-40fe-b60f-0becae1eb901-209x300.jpg 209w, https:\/\/mdphysiotherapy.sk\/wp-content\/uploads\/2025\/10\/aa2c258d-2871-40fe-b60f-0becae1eb901-768x1102.jpg 768w, https:\/\/mdphysiotherapy.sk\/wp-content\/uploads\/2025\/10\/aa2c258d-2871-40fe-b60f-0becae1eb901.jpg 1025w\" sizes=\"auto, (max-width: 714px) 100vw, 714px\" \/><\/figure>\n<\/div>\n<\/div><\/div>\n\n\n\n<div data-aos= \"fade\" data-aos-duration=\"400\" data-aos-delay=\"0\" data-aos-easing=\"ease\" data-aos-once=\"true\" class=\"wp-block-uagb-container uagb-block-77f86818 alignfull uagb-is-root-container\"><div class=\"uagb-container-inner-blocks-wrap\">\n<div class=\"wp-block-uagb-container uagb-block-35ed4fd4\">\n<figure class=\"wp-block-image size-large\"><img loading=\"lazy\" decoding=\"async\" width=\"724\" height=\"1024\" src=\"http:\/\/mdphysiotherapy.sk\/wp-content\/uploads\/2025\/10\/c0f3ca4a-6799-49b9-9a50-ca1adc4c49a0-724x1024.jpg\" alt=\"\" class=\"wp-image-364\" srcset=\"https:\/\/mdphysiotherapy.sk\/wp-content\/uploads\/2025\/10\/c0f3ca4a-6799-49b9-9a50-ca1adc4c49a0-724x1024.jpg 724w, https:\/\/mdphysiotherapy.sk\/wp-content\/uploads\/2025\/10\/c0f3ca4a-6799-49b9-9a50-ca1adc4c49a0-212x300.jpg 212w, https:\/\/mdphysiotherapy.sk\/wp-content\/uploads\/2025\/10\/c0f3ca4a-6799-49b9-9a50-ca1adc4c49a0-768x1086.jpg 768w, https:\/\/mdphysiotherapy.sk\/wp-content\/uploads\/2025\/10\/c0f3ca4a-6799-49b9-9a50-ca1adc4c49a0.jpg 994w\" sizes=\"auto, (max-width: 724px) 100vw, 724px\" \/><\/figure>\n<\/div>\n\n\n\n<div class=\"wp-block-uagb-container uagb-block-6ab6419e\">\n<figure class=\"wp-block-image size-large\"><img loading=\"lazy\" decoding=\"async\" width=\"1024\" height=\"726\" src=\"http:\/\/mdphysiotherapy.sk\/wp-content\/uploads\/2025\/10\/780476df-c049-4214-8739-ca2a5f1491ee-1024x726.jpg\" alt=\"\" class=\"wp-image-365\" srcset=\"https:\/\/mdphysiotherapy.sk\/wp-content\/uploads\/2025\/10\/780476df-c049-4214-8739-ca2a5f1491ee-1024x726.jpg 1024w, https:\/\/mdphysiotherapy.sk\/wp-content\/uploads\/2025\/10\/780476df-c049-4214-8739-ca2a5f1491ee-300x213.jpg 300w, https:\/\/mdphysiotherapy.sk\/wp-content\/uploads\/2025\/10\/780476df-c049-4214-8739-ca2a5f1491ee-768x544.jpg 768w, https:\/\/mdphysiotherapy.sk\/wp-content\/uploads\/2025\/10\/780476df-c049-4214-8739-ca2a5f1491ee.jpg 1137w\" sizes=\"auto, (max-width: 1024px) 100vw, 1024px\" \/><\/figure>\n<\/div>\n\n\n\n<div class=\"wp-block-uagb-container uagb-block-cc1563a7\">\n<figure class=\"wp-block-image size-large\"><img loading=\"lazy\" decoding=\"async\" width=\"768\" height=\"1024\" src=\"http:\/\/mdphysiotherapy.sk\/wp-content\/uploads\/2025\/12\/1-768x1024.jpg\" alt=\"\" class=\"wp-image-487\" srcset=\"https:\/\/mdphysiotherapy.sk\/wp-content\/uploads\/2025\/12\/1-768x1024.jpg 768w, https:\/\/mdphysiotherapy.sk\/wp-content\/uploads\/2025\/12\/1-225x300.jpg 225w, https:\/\/mdphysiotherapy.sk\/wp-content\/uploads\/2025\/12\/1-1152x1536.jpg 1152w, https:\/\/mdphysiotherapy.sk\/wp-content\/uploads\/2025\/12\/1.jpg 1200w\" sizes=\"auto, (max-width: 768px) 100vw, 768px\" \/><\/figure>\n<\/div>\n\n\n\n<div class=\"wp-block-uagb-container uagb-block-ae5e4f57\">\n<figure class=\"wp-block-image size-large\"><img loading=\"lazy\" decoding=\"async\" width=\"768\" height=\"1024\" src=\"http:\/\/mdphysiotherapy.sk\/wp-content\/uploads\/2025\/12\/2-768x1024.jpg\" alt=\"\" class=\"wp-image-488\" srcset=\"https:\/\/mdphysiotherapy.sk\/wp-content\/uploads\/2025\/12\/2-768x1024.jpg 768w, https:\/\/mdphysiotherapy.sk\/wp-content\/uploads\/2025\/12\/2-225x300.jpg 225w, https:\/\/mdphysiotherapy.sk\/wp-content\/uploads\/2025\/12\/2-1152x1536.jpg 1152w, https:\/\/mdphysiotherapy.sk\/wp-content\/uploads\/2025\/12\/2.jpg 1200w\" sizes=\"auto, (max-width: 768px) 100vw, 768px\" \/><\/figure>\n<\/div>\n<\/div><\/div>\n\n\n\n<div data-aos= \"fade\" data-aos-duration=\"400\" data-aos-delay=\"0\" data-aos-easing=\"ease\" data-aos-once=\"true\" class=\"wp-block-uagb-container uagb-block-47ee320e alignfull uagb-is-root-container\"><div class=\"uagb-container-inner-blocks-wrap\">\n<div class=\"wp-block-uagb-container uagb-block-6606d3e4\">\n<figure class=\"wp-block-image size-large\"><img loading=\"lazy\" decoding=\"async\" width=\"768\" height=\"1024\" src=\"http:\/\/mdphysiotherapy.sk\/wp-content\/uploads\/2025\/12\/3-768x1024.jpg\" alt=\"\" class=\"wp-image-490\" srcset=\"https:\/\/mdphysiotherapy.sk\/wp-content\/uploads\/2025\/12\/3-768x1024.jpg 768w, https:\/\/mdphysiotherapy.sk\/wp-content\/uploads\/2025\/12\/3-225x300.jpg 225w, https:\/\/mdphysiotherapy.sk\/wp-content\/uploads\/2025\/12\/3-1152x1536.jpg 1152w, https:\/\/mdphysiotherapy.sk\/wp-content\/uploads\/2025\/12\/3.jpg 1200w\" sizes=\"auto, (max-width: 768px) 100vw, 768px\" \/><\/figure>\n<\/div>\n\n\n\n<div class=\"wp-block-uagb-container uagb-block-ccd5d129\">\n<figure class=\"wp-block-image size-large\"><img loading=\"lazy\" decoding=\"async\" width=\"768\" height=\"1024\" src=\"https:\/\/mdphysiotherapy.sk\/wp-content\/uploads\/2025\/12\/PHOTO-2025-10-20-16-48-08-768x1024.jpg\" alt=\"\" class=\"wp-image-500\" srcset=\"https:\/\/mdphysiotherapy.sk\/wp-content\/uploads\/2025\/12\/PHOTO-2025-10-20-16-48-08-768x1024.jpg 768w, https:\/\/mdphysiotherapy.sk\/wp-content\/uploads\/2025\/12\/PHOTO-2025-10-20-16-48-08-225x300.jpg 225w, https:\/\/mdphysiotherapy.sk\/wp-content\/uploads\/2025\/12\/PHOTO-2025-10-20-16-48-08-1152x1536.jpg 1152w, https:\/\/mdphysiotherapy.sk\/wp-content\/uploads\/2025\/12\/PHOTO-2025-10-20-16-48-08.jpg 1200w\" sizes=\"auto, (max-width: 768px) 100vw, 768px\" \/><\/figure>\n<\/div>\n\n\n\n<div class=\"wp-block-uagb-container uagb-block-f7c15c08\">\n<figure class=\"wp-block-image size-large\"><img loading=\"lazy\" decoding=\"async\" width=\"1200\" height=\"1600\" src=\"http:\/\/mdphysiotherapy.sk\/wp-content\/uploads\/2025\/12\/4-768x1024.jpg\" alt=\"\" class=\"wp-image-491\" srcset=\"https:\/\/mdphysiotherapy.sk\/wp-content\/uploads\/2025\/12\/4-768x1024.jpg 768w, https:\/\/mdphysiotherapy.sk\/wp-content\/uploads\/2025\/12\/4-225x300.jpg 225w, https:\/\/mdphysiotherapy.sk\/wp-content\/uploads\/2025\/12\/4-1152x1536.jpg 1152w, https:\/\/mdphysiotherapy.sk\/wp-content\/uploads\/2025\/12\/4.jpg 1200w\" sizes=\"auto, (max-width: 1200px) 100vw, 1200px\" \/><\/figure>\n<\/div>\n\n\n\n<div class=\"wp-block-uagb-container uagb-block-e3597462\">\n<figure class=\"wp-block-image size-large\"><img loading=\"lazy\" decoding=\"async\" width=\"726\" height=\"1024\" src=\"https:\/\/mdphysiotherapy.sk\/wp-content\/uploads\/2026\/02\/1-726x1024.jpg\" alt=\"\" class=\"wp-image-503\" srcset=\"https:\/\/mdphysiotherapy.sk\/wp-content\/uploads\/2026\/02\/1-726x1024.jpg 726w, https:\/\/mdphysiotherapy.sk\/wp-content\/uploads\/2026\/02\/1-213x300.jpg 213w, https:\/\/mdphysiotherapy.sk\/wp-content\/uploads\/2026\/02\/1-768x1084.jpg 768w, https:\/\/mdphysiotherapy.sk\/wp-content\/uploads\/2026\/02\/1-1088x1536.jpg 1088w, https:\/\/mdphysiotherapy.sk\/wp-content\/uploads\/2026\/02\/1.jpg 1323w\" sizes=\"auto, (max-width: 726px) 100vw, 726px\" \/><\/figure>\n<\/div>\n<\/div><\/div>\n","protected":false},"excerpt":{"rendered":"<p>Bc. Matej Drbul Vzdelanie: Kurzy a&nbsp;certifik\u00e1ty:<\/p>\n","protected":false},"author":1,"featured_media":0,"parent":0,"menu_order":0,"comment_status":"closed","ping_status":"open","template":"","meta":{"_uag_custom_page_level_css":"","footnotes":""},"class_list":["post-2","page","type-page","status-publish","hentry"],"yoast_head":"<!-- This site is optimized with the Yoast SEO plugin v27.5 - https:\/\/yoast.com\/product\/yoast-seo-wordpress\/ -->\n<title>O MNE - MDPhysiotherapy.sk<\/title>\n<meta name=\"robots\" content=\"index, follow, max-snippet:-1, max-image-preview:large, max-video-preview:-1\" \/>\n<link rel=\"canonical\" href=\"https:\/\/mdphysiotherapy.sk\/?page_id=2\" \/>\n<meta property=\"og:locale\" content=\"sk_SK\" \/>\n<meta property=\"og:type\" content=\"article\" \/>\n<meta property=\"og:title\" content=\"O MNE - MDPhysiotherapy.sk\" \/>\n<meta property=\"og:description\" content=\"Bc. Matej Drbul Vzdelanie: Kurzy a&nbsp;certifik\u00e1ty:\" \/>\n<meta property=\"og:url\" content=\"https:\/\/mdphysiotherapy.sk\/?page_id=2\" \/>\n<meta property=\"og:site_name\" content=\"MDPhysiotherapy.sk\" \/>\n<meta property=\"article:modified_time\" content=\"2026-02-16T19:37:28+00:00\" \/>\n<meta property=\"og:image\" content=\"http:\/\/mdphysiotherapy.sk\/wp-content\/uploads\/2025\/10\/926917e0-1de7-4556-87ce-d287bc3f9e08-1-704x1024.jpg\" \/>\n<meta name=\"twitter:card\" content=\"summary_large_image\" \/>\n<meta name=\"twitter:label1\" content=\"Predpokladan\u00fd \u010das \u010d\u00edtania\" \/>\n\t<meta name=\"twitter:data1\" content=\"3 min\u00faty\" \/>\n<script type=\"application\/ld+json\" class=\"yoast-schema-graph\">{\"@context\":\"https:\\\/\\\/schema.org\",\"@graph\":[{\"@type\":\"WebPage\",\"@id\":\"https:\\\/\\\/mdphysiotherapy.sk\\\/?page_id=2\",\"url\":\"https:\\\/\\\/mdphysiotherapy.sk\\\/?page_id=2\",\"name\":\"O MNE - MDPhysiotherapy.sk\",\"isPartOf\":{\"@id\":\"https:\\\/\\\/mdphysiotherapy.sk\\\/#website\"},\"primaryImageOfPage\":{\"@id\":\"https:\\\/\\\/mdphysiotherapy.sk\\\/?page_id=2#primaryimage\"},\"image\":{\"@id\":\"https:\\\/\\\/mdphysiotherapy.sk\\\/?page_id=2#primaryimage\"},\"thumbnailUrl\":\"http:\\\/\\\/mdphysiotherapy.sk\\\/wp-content\\\/uploads\\\/2025\\\/10\\\/926917e0-1de7-4556-87ce-d287bc3f9e08-1-704x1024.jpg\",\"datePublished\":\"2017-05-23T17:35:16+00:00\",\"dateModified\":\"2026-02-16T19:37:28+00:00\",\"breadcrumb\":{\"@id\":\"https:\\\/\\\/mdphysiotherapy.sk\\\/?page_id=2#breadcrumb\"},\"inLanguage\":\"sk-SK\",\"potentialAction\":[{\"@type\":\"ReadAction\",\"target\":[\"https:\\\/\\\/mdphysiotherapy.sk\\\/?page_id=2\"]}]},{\"@type\":\"ImageObject\",\"inLanguage\":\"sk-SK\",\"@id\":\"https:\\\/\\\/mdphysiotherapy.sk\\\/?page_id=2#primaryimage\",\"url\":\"https:\\\/\\\/mdphysiotherapy.sk\\\/wp-content\\\/uploads\\\/2025\\\/10\\\/926917e0-1de7-4556-87ce-d287bc3f9e08-1.jpg\",\"contentUrl\":\"https:\\\/\\\/mdphysiotherapy.sk\\\/wp-content\\\/uploads\\\/2025\\\/10\\\/926917e0-1de7-4556-87ce-d287bc3f9e08-1.jpg\",\"width\":900,\"height\":1310},{\"@type\":\"BreadcrumbList\",\"@id\":\"https:\\\/\\\/mdphysiotherapy.sk\\\/?page_id=2#breadcrumb\",\"itemListElement\":[{\"@type\":\"ListItem\",\"position\":1,\"name\":\"Home\",\"item\":\"https:\\\/\\\/mdphysiotherapy.sk\\\/\"},{\"@type\":\"ListItem\",\"position\":2,\"name\":\"O MNE\"}]},{\"@type\":\"WebSite\",\"@id\":\"https:\\\/\\\/mdphysiotherapy.sk\\\/#website\",\"url\":\"https:\\\/\\\/mdphysiotherapy.sk\\\/\",\"name\":\"MDPhysiotherapy.sk\",\"description\":\"\",\"potentialAction\":[{\"@type\":\"SearchAction\",\"target\":{\"@type\":\"EntryPoint\",\"urlTemplate\":\"https:\\\/\\\/mdphysiotherapy.sk\\\/?s={search_term_string}\"},\"query-input\":{\"@type\":\"PropertyValueSpecification\",\"valueRequired\":true,\"valueName\":\"search_term_string\"}}],\"inLanguage\":\"sk-SK\"}]}<\/script>\n<!-- \/ Yoast SEO plugin. -->","yoast_head_json":{"title":"O MNE - MDPhysiotherapy.sk","robots":{"index":"index","follow":"follow","max-snippet":"max-snippet:-1","max-image-preview":"max-image-preview:large","max-video-preview":"max-video-preview:-1"},"canonical":"https:\/\/mdphysiotherapy.sk\/?page_id=2","og_locale":"sk_SK","og_type":"article","og_title":"O MNE - MDPhysiotherapy.sk","og_description":"Bc. Matej Drbul Vzdelanie: Kurzy a&nbsp;certifik\u00e1ty:","og_url":"https:\/\/mdphysiotherapy.sk\/?page_id=2","og_site_name":"MDPhysiotherapy.sk","article_modified_time":"2026-02-16T19:37:28+00:00","og_image":[{"url":"http:\/\/mdphysiotherapy.sk\/wp-content\/uploads\/2025\/10\/926917e0-1de7-4556-87ce-d287bc3f9e08-1-704x1024.jpg","type":"","width":"","height":""}],"twitter_card":"summary_large_image","twitter_misc":{"Predpokladan\u00fd \u010das \u010d\u00edtania":"3 min\u00faty"},"schema":{"@context":"https:\/\/schema.org","@graph":[{"@type":"WebPage","@id":"https:\/\/mdphysiotherapy.sk\/?page_id=2","url":"https:\/\/mdphysiotherapy.sk\/?page_id=2","name":"O MNE - MDPhysiotherapy.sk","isPartOf":{"@id":"https:\/\/mdphysiotherapy.sk\/#website"},"primaryImageOfPage":{"@id":"https:\/\/mdphysiotherapy.sk\/?page_id=2#primaryimage"},"image":{"@id":"https:\/\/mdphysiotherapy.sk\/?page_id=2#primaryimage"},"thumbnailUrl":"http:\/\/mdphysiotherapy.sk\/wp-content\/uploads\/2025\/10\/926917e0-1de7-4556-87ce-d287bc3f9e08-1-704x1024.jpg","datePublished":"2017-05-23T17:35:16+00:00","dateModified":"2026-02-16T19:37:28+00:00","breadcrumb":{"@id":"https:\/\/mdphysiotherapy.sk\/?page_id=2#breadcrumb"},"inLanguage":"sk-SK","potentialAction":[{"@type":"ReadAction","target":["https:\/\/mdphysiotherapy.sk\/?page_id=2"]}]},{"@type":"ImageObject","inLanguage":"sk-SK","@id":"https:\/\/mdphysiotherapy.sk\/?page_id=2#primaryimage","url":"https:\/\/mdphysiotherapy.sk\/wp-content\/uploads\/2025\/10\/926917e0-1de7-4556-87ce-d287bc3f9e08-1.jpg","contentUrl":"https:\/\/mdphysiotherapy.sk\/wp-content\/uploads\/2025\/10\/926917e0-1de7-4556-87ce-d287bc3f9e08-1.jpg","width":900,"height":1310},{"@type":"BreadcrumbList","@id":"https:\/\/mdphysiotherapy.sk\/?page_id=2#breadcrumb","itemListElement":[{"@type":"ListItem","position":1,"name":"Home","item":"https:\/\/mdphysiotherapy.sk\/"},{"@type":"ListItem","position":2,"name":"O MNE"}]},{"@type":"WebSite","@id":"https:\/\/mdphysiotherapy.sk\/#website","url":"https:\/\/mdphysiotherapy.sk\/","name":"MDPhysiotherapy.sk","description":"","potentialAction":[{"@type":"SearchAction","target":{"@type":"EntryPoint","urlTemplate":"https:\/\/mdphysiotherapy.sk\/?s={search_term_string}"},"query-input":{"@type":"PropertyValueSpecification","valueRequired":true,"valueName":"search_term_string"}}],"inLanguage":"sk-SK"}]}},"uagb_featured_image_src":{"full":false,"thumbnail":false,"medium":false,"medium_large":false,"large":false,"1536x1536":false,"2048x2048":false,"post-thumbnail":false,"refur-sticky":false,"refur-showcase":false},"uagb_author_info":{"display_name":"admin","author_link":"https:\/\/mdphysiotherapy.sk\/?author=1"},"uagb_comment_info":0,"uagb_excerpt":"Bc. Matej Drbul Vzdelanie: Kurzy a&nbsp;certifik\u00e1ty:","_links":{"self":[{"href":"https:\/\/mdphysiotherapy.sk\/index.php?rest_route=\/wp\/v2\/pages\/2","targetHints":{"allow":["GET"]}}],"collection":[{"href":"https:\/\/mdphysiotherapy.sk\/index.php?rest_route=\/wp\/v2\/pages"}],"about":[{"href":"https:\/\/mdphysiotherapy.sk\/index.php?rest_route=\/wp\/v2\/types\/page"}],"author":[{"embeddable":true,"href":"https:\/\/mdphysiotherapy.sk\/index.php?rest_route=\/wp\/v2\/users\/1"}],"replies":[{"embeddable":true,"href":"https:\/\/mdphysiotherapy.sk\/index.php?rest_route=%2Fwp%2Fv2%2Fcomments&post=2"}],"version-history":[{"count":6,"href":"https:\/\/mdphysiotherapy.sk\/index.php?rest_route=\/wp\/v2\/pages\/2\/revisions"}],"predecessor-version":[{"id":504,"href":"https:\/\/mdphysiotherapy.sk\/index.php?rest_route=\/wp\/v2\/pages\/2\/revisions\/504"}],"wp:attachment":[{"href":"https:\/\/mdphysiotherapy.sk\/index.php?rest_route=%2Fwp%2Fv2%2Fmedia&parent=2"}],"curies":[{"name":"wp","href":"https:\/\/api.w.org\/{rel}","templated":true}]}}