{"id":45,"date":"2017-06-04T18:08:21","date_gmt":"2017-06-04T16:08:21","guid":{"rendered":"http:\/\/mdphysiotherapy.sk\/?page_id=45"},"modified":"2025-10-18T12:59:23","modified_gmt":"2025-10-18T10:59:23","slug":"kontakt","status":"publish","type":"page","link":"https:\/\/mdphysiotherapy.sk\/?page_id=45","title":{"rendered":"KONTAKT"},"content":{"rendered":"\n<p><\/p>\n\n\n\n<div class=\"wp-block-uagb-container uagb-block-6126649d alignfull uagb-is-root-container\"><div class=\"uagb-container-inner-blocks-wrap\">\n<div class=\"wp-block-uagb-container uagb-block-eea46f36\">\n<figure class=\"wp-block-image size-large\"><img loading=\"lazy\" decoding=\"async\" width=\"768\" height=\"1024\" src=\"http:\/\/mdphysiotherapy.sk\/wp-content\/uploads\/2017\/05\/IMG_0925-768x1024.jpg\" alt=\"\" class=\"wp-image-118\" srcset=\"https:\/\/mdphysiotherapy.sk\/wp-content\/uploads\/2017\/05\/IMG_0925-768x1024.jpg 768w, https:\/\/mdphysiotherapy.sk\/wp-content\/uploads\/2017\/05\/IMG_0925-225x300.jpg 225w\" sizes=\"auto, (max-width: 768px) 100vw, 768px\" \/><\/figure>\n<\/div>\n\n\n\n<div class=\"wp-block-uagb-container uagb-block-adf900d0\">\n<p><strong>Bc. Matej Drbul &#8211; Fyzioterapia, mas\u00e1\u017ee, kinesiotaping<\/strong><br><br>Ul. Slovensk\u00fdch partiz\u00e1nov 1129\/49 <br>Pova\u017esk\u00e1 Bystrica<br><br>Tel: +421 907 411 934<br>E-mail:&nbsp;<a href=\"mphysiod@gmail.com\">mphysiod@gmail.com<\/a><br>web:&nbsp;<a href=\"http:\/\/mdphysiotherapy.sk\">http:\/\/mdphysiotherapy.sk<\/a><br><br>I\u010cO: 50 86 70 75<br>DI\u010c: 10 80 92 75 40<br>Veden\u00fd v \u017divnostenskom registri Okresn\u00e9ho \u00faradu Pova\u017esk\u00e1 Bystrica, 330-23702.<\/p>\n<\/div>\n\n\n\n<div class=\"wp-block-uagb-container uagb-layout-grid uagb-block-ffeb1ef5\">\n<div class=\"wp-block-uagb-buttons uagb-buttons__outer-wrap uagb-btn__default-btn uagb-btn-tablet__default-btn uagb-btn-mobile__default-btn uagb-block-419d9c3c\"><div class=\"uagb-buttons__wrap uagb-buttons-layout-wrap \"><\/div><\/div>\n\n\n\n<a class=\"btn-relax\"\n   href=\"https:\/\/www.google.com\/maps\/dir\/?api=1&#038;destination=49.1148502,18.4433565\"\n   target=\"_blank\" rel=\"noopener\">\n  Naviguj ma za relaxom\n  <span class=\"icon\">\n    <svg viewBox=\"0 0 24 24\" width=\"22\" height=\"22\" fill=\"currentColor\" xmlns=\"http:\/\/www.w3.org\/2000\/svg\">\n      <path d=\"M2 12l19-9-9 19-1.5-7L2 12z\"\/>\n    <\/svg>\n  <\/span>\n<\/a>\n<\/div>\n\n\n\n<div class=\"wp-block-uagb-container uagb-block-ed9c508f\"><\/div>\n<\/div><\/div>\n\n\n\n<p><\/p>\n","protected":false},"excerpt":{"rendered":"<p>Bc. Matej Drbul &#8211; Fyzioterapia, mas\u00e1\u017ee, kinesiotaping Ul. Slovensk\u00fdch partiz\u00e1nov 1129\/49 Pova\u017esk\u00e1 Bystrica Tel: +421 907 411 934E-mail:&nbsp;mphysiod@gmail.comweb:&nbsp;http:\/\/mdphysiotherapy.sk I\u010cO: 50 86 70 75DI\u010c: 10 80 92 75 40Veden\u00fd v \u017divnostenskom registri Okresn\u00e9ho \u00faradu Pova\u017esk\u00e1 Bystrica, 330-23702. Naviguj ma za relaxom<\/p>\n","protected":false},"author":1,"featured_media":0,"parent":0,"menu_order":0,"comment_status":"closed","ping_status":"closed","template":"","meta":{"_uag_custom_page_level_css":"","footnotes":""},"class_list":["post-45","page","type-page","status-publish","hentry"],"yoast_head":"<!-- This site is optimized with the Yoast SEO plugin v27.5 - https:\/\/yoast.com\/product\/yoast-seo-wordpress\/ -->\n<title>KONTAKT - MDPhysiotherapy.sk<\/title>\n<meta name=\"robots\" content=\"index, follow, max-snippet:-1, max-image-preview:large, max-video-preview:-1\" \/>\n<link rel=\"canonical\" href=\"https:\/\/mdphysiotherapy.sk\/?page_id=45\" \/>\n<meta property=\"og:locale\" content=\"sk_SK\" \/>\n<meta property=\"og:type\" content=\"article\" \/>\n<meta property=\"og:title\" content=\"KONTAKT - MDPhysiotherapy.sk\" \/>\n<meta property=\"og:description\" content=\"Bc. Matej Drbul &#8211; Fyzioterapia, mas\u00e1\u017ee, kinesiotaping Ul. Slovensk\u00fdch partiz\u00e1nov 1129\/49 Pova\u017esk\u00e1 Bystrica Tel: +421 907 411 934E-mail:&nbsp;mphysiod@gmail.comweb:&nbsp;http:\/\/mdphysiotherapy.sk I\u010cO: 50 86 70 75DI\u010c: 10 80 92 75 40Veden\u00fd v \u017divnostenskom registri Okresn\u00e9ho \u00faradu Pova\u017esk\u00e1 Bystrica, 330-23702. Naviguj ma za relaxom\" \/>\n<meta property=\"og:url\" content=\"https:\/\/mdphysiotherapy.sk\/?page_id=45\" \/>\n<meta property=\"og:site_name\" content=\"MDPhysiotherapy.sk\" \/>\n<meta property=\"article:modified_time\" content=\"2025-10-18T10:59:23+00:00\" \/>\n<meta property=\"og:image\" content=\"http:\/\/mdphysiotherapy.sk\/wp-content\/uploads\/2017\/05\/IMG_0925-768x1024.jpg\" \/>\n<meta name=\"twitter:card\" content=\"summary_large_image\" \/>\n<meta name=\"twitter:label1\" content=\"Predpokladan\u00fd \u010das \u010d\u00edtania\" \/>\n\t<meta name=\"twitter:data1\" content=\"1 min\u00fata\" \/>\n<script type=\"application\/ld+json\" class=\"yoast-schema-graph\">{\"@context\":\"https:\\\/\\\/schema.org\",\"@graph\":[{\"@type\":\"WebPage\",\"@id\":\"https:\\\/\\\/mdphysiotherapy.sk\\\/?page_id=45\",\"url\":\"https:\\\/\\\/mdphysiotherapy.sk\\\/?page_id=45\",\"name\":\"KONTAKT - MDPhysiotherapy.sk\",\"isPartOf\":{\"@id\":\"https:\\\/\\\/mdphysiotherapy.sk\\\/#website\"},\"primaryImageOfPage\":{\"@id\":\"https:\\\/\\\/mdphysiotherapy.sk\\\/?page_id=45#primaryimage\"},\"image\":{\"@id\":\"https:\\\/\\\/mdphysiotherapy.sk\\\/?page_id=45#primaryimage\"},\"thumbnailUrl\":\"http:\\\/\\\/mdphysiotherapy.sk\\\/wp-content\\\/uploads\\\/2017\\\/05\\\/IMG_0925-768x1024.jpg\",\"datePublished\":\"2017-06-04T16:08:21+00:00\",\"dateModified\":\"2025-10-18T10:59:23+00:00\",\"breadcrumb\":{\"@id\":\"https:\\\/\\\/mdphysiotherapy.sk\\\/?page_id=45#breadcrumb\"},\"inLanguage\":\"sk-SK\",\"potentialAction\":[{\"@type\":\"ReadAction\",\"target\":[\"https:\\\/\\\/mdphysiotherapy.sk\\\/?page_id=45\"]}]},{\"@type\":\"ImageObject\",\"inLanguage\":\"sk-SK\",\"@id\":\"https:\\\/\\\/mdphysiotherapy.sk\\\/?page_id=45#primaryimage\",\"url\":\"https:\\\/\\\/mdphysiotherapy.sk\\\/wp-content\\\/uploads\\\/2017\\\/05\\\/IMG_0925.jpg\",\"contentUrl\":\"https:\\\/\\\/mdphysiotherapy.sk\\\/wp-content\\\/uploads\\\/2017\\\/05\\\/IMG_0925.jpg\",\"width\":4000,\"height\":5333},{\"@type\":\"BreadcrumbList\",\"@id\":\"https:\\\/\\\/mdphysiotherapy.sk\\\/?page_id=45#breadcrumb\",\"itemListElement\":[{\"@type\":\"ListItem\",\"position\":1,\"name\":\"Home\",\"item\":\"https:\\\/\\\/mdphysiotherapy.sk\\\/\"},{\"@type\":\"ListItem\",\"position\":2,\"name\":\"KONTAKT\"}]},{\"@type\":\"WebSite\",\"@id\":\"https:\\\/\\\/mdphysiotherapy.sk\\\/#website\",\"url\":\"https:\\\/\\\/mdphysiotherapy.sk\\\/\",\"name\":\"MDPhysiotherapy.sk\",\"description\":\"\",\"potentialAction\":[{\"@type\":\"SearchAction\",\"target\":{\"@type\":\"EntryPoint\",\"urlTemplate\":\"https:\\\/\\\/mdphysiotherapy.sk\\\/?s={search_term_string}\"},\"query-input\":{\"@type\":\"PropertyValueSpecification\",\"valueRequired\":true,\"valueName\":\"search_term_string\"}}],\"inLanguage\":\"sk-SK\"}]}<\/script>\n<!-- \/ Yoast SEO plugin. -->","yoast_head_json":{"title":"KONTAKT - MDPhysiotherapy.sk","robots":{"index":"index","follow":"follow","max-snippet":"max-snippet:-1","max-image-preview":"max-image-preview:large","max-video-preview":"max-video-preview:-1"},"canonical":"https:\/\/mdphysiotherapy.sk\/?page_id=45","og_locale":"sk_SK","og_type":"article","og_title":"KONTAKT - MDPhysiotherapy.sk","og_description":"Bc. Matej Drbul &#8211; Fyzioterapia, mas\u00e1\u017ee, kinesiotaping Ul. Slovensk\u00fdch partiz\u00e1nov 1129\/49 Pova\u017esk\u00e1 Bystrica Tel: +421 907 411 934E-mail:&nbsp;mphysiod@gmail.comweb:&nbsp;http:\/\/mdphysiotherapy.sk I\u010cO: 50 86 70 75DI\u010c: 10 80 92 75 40Veden\u00fd v \u017divnostenskom registri Okresn\u00e9ho \u00faradu Pova\u017esk\u00e1 Bystrica, 330-23702. Naviguj ma za relaxom","og_url":"https:\/\/mdphysiotherapy.sk\/?page_id=45","og_site_name":"MDPhysiotherapy.sk","article_modified_time":"2025-10-18T10:59:23+00:00","og_image":[{"url":"http:\/\/mdphysiotherapy.sk\/wp-content\/uploads\/2017\/05\/IMG_0925-768x1024.jpg","type":"","width":"","height":""}],"twitter_card":"summary_large_image","twitter_misc":{"Predpokladan\u00fd \u010das \u010d\u00edtania":"1 min\u00fata"},"schema":{"@context":"https:\/\/schema.org","@graph":[{"@type":"WebPage","@id":"https:\/\/mdphysiotherapy.sk\/?page_id=45","url":"https:\/\/mdphysiotherapy.sk\/?page_id=45","name":"KONTAKT - MDPhysiotherapy.sk","isPartOf":{"@id":"https:\/\/mdphysiotherapy.sk\/#website"},"primaryImageOfPage":{"@id":"https:\/\/mdphysiotherapy.sk\/?page_id=45#primaryimage"},"image":{"@id":"https:\/\/mdphysiotherapy.sk\/?page_id=45#primaryimage"},"thumbnailUrl":"http:\/\/mdphysiotherapy.sk\/wp-content\/uploads\/2017\/05\/IMG_0925-768x1024.jpg","datePublished":"2017-06-04T16:08:21+00:00","dateModified":"2025-10-18T10:59:23+00:00","breadcrumb":{"@id":"https:\/\/mdphysiotherapy.sk\/?page_id=45#breadcrumb"},"inLanguage":"sk-SK","potentialAction":[{"@type":"ReadAction","target":["https:\/\/mdphysiotherapy.sk\/?page_id=45"]}]},{"@type":"ImageObject","inLanguage":"sk-SK","@id":"https:\/\/mdphysiotherapy.sk\/?page_id=45#primaryimage","url":"https:\/\/mdphysiotherapy.sk\/wp-content\/uploads\/2017\/05\/IMG_0925.jpg","contentUrl":"https:\/\/mdphysiotherapy.sk\/wp-content\/uploads\/2017\/05\/IMG_0925.jpg","width":4000,"height":5333},{"@type":"BreadcrumbList","@id":"https:\/\/mdphysiotherapy.sk\/?page_id=45#breadcrumb","itemListElement":[{"@type":"ListItem","position":1,"name":"Home","item":"https:\/\/mdphysiotherapy.sk\/"},{"@type":"ListItem","position":2,"name":"KONTAKT"}]},{"@type":"WebSite","@id":"https:\/\/mdphysiotherapy.sk\/#website","url":"https:\/\/mdphysiotherapy.sk\/","name":"MDPhysiotherapy.sk","description":"","potentialAction":[{"@type":"SearchAction","target":{"@type":"EntryPoint","urlTemplate":"https:\/\/mdphysiotherapy.sk\/?s={search_term_string}"},"query-input":{"@type":"PropertyValueSpecification","valueRequired":true,"valueName":"search_term_string"}}],"inLanguage":"sk-SK"}]}},"uagb_featured_image_src":{"full":false,"thumbnail":false,"medium":false,"medium_large":false,"large":false,"1536x1536":false,"2048x2048":false,"post-thumbnail":false,"refur-sticky":false,"refur-showcase":false},"uagb_author_info":{"display_name":"admin","author_link":"https:\/\/mdphysiotherapy.sk\/?author=1"},"uagb_comment_info":0,"uagb_excerpt":"Bc. Matej Drbul &#8211; Fyzioterapia, mas\u00e1\u017ee, kinesiotaping Ul. Slovensk\u00fdch partiz\u00e1nov 1129\/49 Pova\u017esk\u00e1 Bystrica Tel: +421 907 411 934E-mail:&nbsp;mphysiod@gmail.comweb:&nbsp;http:\/\/mdphysiotherapy.sk I\u010cO: 50 86 70 75DI\u010c: 10 80 92 75 40Veden\u00fd v \u017divnostenskom registri Okresn\u00e9ho \u00faradu Pova\u017esk\u00e1 Bystrica, 330-23702. Naviguj ma za relaxom","_links":{"self":[{"href":"https:\/\/mdphysiotherapy.sk\/index.php?rest_route=\/wp\/v2\/pages\/45","targetHints":{"allow":["GET"]}}],"collection":[{"href":"https:\/\/mdphysiotherapy.sk\/index.php?rest_route=\/wp\/v2\/pages"}],"about":[{"href":"https:\/\/mdphysiotherapy.sk\/index.php?rest_route=\/wp\/v2\/types\/page"}],"author":[{"embeddable":true,"href":"https:\/\/mdphysiotherapy.sk\/index.php?rest_route=\/wp\/v2\/users\/1"}],"replies":[{"embeddable":true,"href":"https:\/\/mdphysiotherapy.sk\/index.php?rest_route=%2Fwp%2Fv2%2Fcomments&post=45"}],"version-history":[{"count":6,"href":"https:\/\/mdphysiotherapy.sk\/index.php?rest_route=\/wp\/v2\/pages\/45\/revisions"}],"predecessor-version":[{"id":324,"href":"https:\/\/mdphysiotherapy.sk\/index.php?rest_route=\/wp\/v2\/pages\/45\/revisions\/324"}],"wp:attachment":[{"href":"https:\/\/mdphysiotherapy.sk\/index.php?rest_route=%2Fwp%2Fv2%2Fmedia&parent=45"}],"curies":[{"name":"wp","href":"https:\/\/api.w.org\/{rel}","templated":true}]}}