{"id":506,"date":"2026-03-22T18:11:24","date_gmt":"2026-03-22T17:11:24","guid":{"rendered":"https:\/\/mdphysiotherapy.sk\/?page_id=506"},"modified":"2026-03-22T18:11:26","modified_gmt":"2026-03-22T17:11:26","slug":"spracovanie-osobnych-udajov","status":"publish","type":"page","link":"https:\/\/mdphysiotherapy.sk\/?page_id=506","title":{"rendered":"Spracovanie osobn\u00fdch \u00fadajov"},"content":{"rendered":"\n<h1 class=\"wp-block-heading\">Ochrana osobn\u00fdch \u00fadajov<\/h1>\n\n\n\n<h2 class=\"wp-block-heading\">1. Z\u00e1kladn\u00e9 inform\u00e1cie<\/h2>\n\n\n\n<p>Prev\u00e1dzkovate\u013eom webovej str\u00e1nky&nbsp;<strong>mdphysiotherapy.sk<\/strong>&nbsp;je:<\/p>\n\n\n\n<p><strong>MD Physiotherapy<\/strong><br>(e-mail: mphysiod@gmail.com)<br>(telef\u00f3n: +421 907 411 934)<\/p>\n\n\n\n<p>Prev\u00e1dzkovate\u013e sprac\u00fava osobn\u00e9 \u00fadaje v s\u00falade s Nariaden\u00edm Eur\u00f3pskeho parlamentu a Rady (E\u00da) 2016\/679 (GDPR) a pr\u00e1vnymi predpismi Slovenskej republiky.<\/p>\n\n\n\n<hr class=\"wp-block-separator has-alpha-channel-opacity\"\/>\n\n\n\n<h2 class=\"wp-block-heading\">2. Ak\u00e9 osobn\u00e9 \u00fadaje sprac\u00favame<\/h2>\n\n\n\n<p>Sprac\u00favame osobn\u00e9 \u00fadaje, ktor\u00e9 n\u00e1m poskytnete prostredn\u00edctvom:<\/p>\n\n\n\n<h3 class=\"wp-block-heading\">Kontaktn\u00e9ho formul\u00e1ra<\/h3>\n\n\n\n<ul class=\"wp-block-list\">\n<li>meno a priezvisko<\/li>\n\n\n\n<li>e-mailov\u00e1 adresa<\/li>\n\n\n\n<li>telef\u00f3nne \u010d\u00edslo<\/li>\n\n\n\n<li>obsah spr\u00e1vy<\/li>\n<\/ul>\n\n\n\n<h3 class=\"wp-block-heading\">Rezerva\u010dn\u00e9ho syst\u00e9mu<\/h3>\n\n\n\n<p>Pri vytv\u00e1ran\u00ed rezerv\u00e1cie m\u00f4\u017eu by\u0165 sprac\u00favan\u00e9:<\/p>\n\n\n\n<ul class=\"wp-block-list\">\n<li>meno a priezvisko<\/li>\n\n\n\n<li>kontaktn\u00e9 \u00fadaje<\/li>\n\n\n\n<li>inform\u00e1cie potrebn\u00e9 na poskytnutie slu\u017eby<\/li>\n<\/ul>\n\n\n\n<p>V pr\u00edpade potreby aj \u00fadaje t\u00fdkaj\u00face sa zdravotn\u00e9ho stavu, ktor\u00e9 poskytnete dobrovo\u013ene.<\/p>\n\n\n\n<hr class=\"wp-block-separator has-alpha-channel-opacity\"\/>\n\n\n\n<h2 class=\"wp-block-heading\">3. \u00da\u010del spracovania osobn\u00fdch \u00fadajov<\/h2>\n\n\n\n<p>Va\u0161e \u00fadaje sprac\u00favame na \u00fa\u010dely:<\/p>\n\n\n\n<ul class=\"wp-block-list\">\n<li>vybavenie va\u0161ej po\u017eiadavky<\/li>\n\n\n\n<li>komunik\u00e1cia so z\u00e1kazn\u00edkmi<\/li>\n\n\n\n<li>spr\u00e1va rezerv\u00e1ci\u00ed<\/li>\n\n\n\n<li>poskytovanie fyzioterapeutick\u00fdch slu\u017eieb<\/li>\n\n\n\n<li>plnenie z\u00e1konn\u00fdch povinnost\u00ed<\/li>\n<\/ul>\n\n\n\n<hr class=\"wp-block-separator has-alpha-channel-opacity\"\/>\n\n\n\n<h2 class=\"wp-block-heading\">4. Rezerva\u010dn\u00fd syst\u00e9m (tretia strana)<\/h2>\n\n\n\n<p>Na spr\u00e1vu rezerv\u00e1ci\u00ed vyu\u017e\u00edvame extern\u00fd rezerva\u010dn\u00fd syst\u00e9m (napr. Notino alebo in\u00fd poskytovate\u013e).<\/p>\n\n\n\n<p>Tento syst\u00e9m m\u00f4\u017ee sprac\u00fava\u0165 va\u0161e osobn\u00e9 \u00fadaje ako samostatn\u00fd alebo sprostredkovate\u013esk\u00fd subjekt v s\u00falade s jeho vlastn\u00fdmi podmienkami ochrany osobn\u00fdch \u00fadajov.<\/p>\n\n\n\n<p>Odpor\u00fa\u010dame obozn\u00e1mi\u0165 sa aj s ochranou osobn\u00fdch \u00fadajov tohto poskytovate\u013ea.<\/p>\n\n\n\n<hr class=\"wp-block-separator has-alpha-channel-opacity\"\/>\n\n\n\n<h2 class=\"wp-block-heading\">5. Pr\u00e1vny z\u00e1klad spracovania<\/h2>\n\n\n\n<p>Osobn\u00e9 \u00fadaje sprac\u00favame na z\u00e1klade:<\/p>\n\n\n\n<ul class=\"wp-block-list\">\n<li>v\u00e1\u0161ho s\u00fahlasu<\/li>\n\n\n\n<li>plnenia zmluvy (rezerv\u00e1cia slu\u017eby)<\/li>\n\n\n\n<li>z\u00e1konn\u00fdch povinnost\u00ed<\/li>\n<\/ul>\n\n\n\n<hr class=\"wp-block-separator has-alpha-channel-opacity\"\/>\n\n\n\n<h2 class=\"wp-block-heading\">6. Doba uchov\u00e1vania \u00fadajov<\/h2>\n\n\n\n<p>Osobn\u00e9 \u00fadaje uchov\u00e1vame:<\/p>\n\n\n\n<ul class=\"wp-block-list\">\n<li>po\u010das vybavovania va\u0161ej po\u017eiadavky<\/li>\n\n\n\n<li>po\u010das trvania spolupr\u00e1ce<\/li>\n\n\n\n<li>po dobu vy\u017eadovan\u00fa pr\u00e1vnymi predpismi<\/li>\n<\/ul>\n\n\n\n<hr class=\"wp-block-separator has-alpha-channel-opacity\"\/>\n\n\n\n<h2 class=\"wp-block-heading\">7. Pr\u00edjemcovia \u00fadajov<\/h2>\n\n\n\n<p>Va\u0161e \u00fadaje m\u00f4\u017eu by\u0165 spr\u00edstupnen\u00e9:<\/p>\n\n\n\n<ul class=\"wp-block-list\">\n<li>poskytovate\u013eovi rezerva\u010dn\u00e9ho syst\u00e9mu<\/li>\n\n\n\n<li>\u00fa\u010dtovn\u00e9mu alebo pr\u00e1vnemu poradcu (ak je to potrebn\u00e9)<\/li>\n\n\n\n<li>org\u00e1nom verejnej moci v pr\u00edpade z\u00e1konnej povinnosti<\/li>\n<\/ul>\n\n\n\n<hr class=\"wp-block-separator has-alpha-channel-opacity\"\/>\n\n\n\n<h2 class=\"wp-block-heading\">8. Cookies<\/h2>\n\n\n\n<p>Webov\u00e1 str\u00e1nka m\u00f4\u017ee pou\u017e\u00edva\u0165 cookies za \u00fa\u010delom:<\/p>\n\n\n\n<ul class=\"wp-block-list\">\n<li>zabezpe\u010denia funk\u010dnosti str\u00e1nky<\/li>\n\n\n\n<li>zlep\u0161enia pou\u017e\u00edvate\u013esk\u00e9ho z\u00e1\u017eitku<\/li>\n<\/ul>\n\n\n\n<p>Cookies m\u00f4\u017eete odmietnu\u0165 alebo upravi\u0165 ich pou\u017e\u00edvanie vo va\u0161om prehliada\u010di.<\/p>\n\n\n\n<hr class=\"wp-block-separator has-alpha-channel-opacity\"\/>\n\n\n\n<h2 class=\"wp-block-heading\">9. Va\u0161e pr\u00e1va<\/h2>\n\n\n\n<p>M\u00e1te pr\u00e1vo:<\/p>\n\n\n\n<ul class=\"wp-block-list\">\n<li>na pr\u00edstup k svojim \u00fadajom<\/li>\n\n\n\n<li>na opravu \u00fadajov<\/li>\n\n\n\n<li>na vymazanie (\u201epr\u00e1vo by\u0165 zabudnut\u00fd\u201c)<\/li>\n\n\n\n<li>na obmedzenie spracovania<\/li>\n\n\n\n<li>namieta\u0165 proti spracovaniu<\/li>\n\n\n\n<li>poda\u0165 s\u0165a\u017enos\u0165 na \u00darad na ochranu osobn\u00fdch \u00fadajov SR<\/li>\n<\/ul>\n\n\n\n<hr class=\"wp-block-separator has-alpha-channel-opacity\"\/>\n\n\n\n<h2 class=\"wp-block-heading\">10. Kontakt<\/h2>\n\n\n\n<p>Ak m\u00e1te ot\u00e1zky oh\u013eadom spracovania osobn\u00fdch \u00fadajov, kontaktujte n\u00e1s:<\/p>\n\n\n\n<p>\ud83d\udce7 mphysiod@gmail.com<br>\ud83d\udcde +421 907 411 934<\/p>\n\n\n\n<hr class=\"wp-block-separator has-alpha-channel-opacity\"\/>\n\n\n\n<h2 class=\"wp-block-heading\">11. Z\u00e1vere\u010dn\u00e9 ustanovenia<\/h2>\n\n\n\n<p>Tieto z\u00e1sady ochrany osobn\u00fdch \u00fadajov m\u00f4\u017eu by\u0165 aktualizovan\u00e9.<br>Odpor\u00fa\u010dame ich pravidelne kontrolova\u0165.<\/p>\n","protected":false},"excerpt":{"rendered":"<p>Ochrana osobn\u00fdch \u00fadajov 1. Z\u00e1kladn\u00e9 inform\u00e1cie Prev\u00e1dzkovate\u013eom webovej str\u00e1nky&nbsp;mdphysiotherapy.sk&nbsp;je: MD Physiotherapy(e-mail: mphysiod@gmail.com)(telef\u00f3n: +421 907 411 934) Prev\u00e1dzkovate\u013e sprac\u00fava osobn\u00e9 \u00fadaje v s\u00falade s Nariaden\u00edm Eur\u00f3pskeho parlamentu a Rady (E\u00da) 2016\/679 (GDPR) a pr\u00e1vnymi predpismi Slovenskej republiky. 2. Ak\u00e9 osobn\u00e9 \u00fadaje sprac\u00favame Sprac\u00favame osobn\u00e9 \u00fadaje, ktor\u00e9 n\u00e1m poskytnete prostredn\u00edctvom: Kontaktn\u00e9ho formul\u00e1ra Rezerva\u010dn\u00e9ho syst\u00e9mu Pri vytv\u00e1ran\u00ed rezerv\u00e1cie [&hellip;]<\/p>\n","protected":false},"author":1,"featured_media":0,"parent":0,"menu_order":0,"comment_status":"closed","ping_status":"closed","template":"","meta":{"_uag_custom_page_level_css":"","footnotes":""},"class_list":["post-506","page","type-page","status-publish","hentry"],"yoast_head":"<!-- This site is optimized with the Yoast SEO plugin v27.5 - https:\/\/yoast.com\/product\/yoast-seo-wordpress\/ -->\n<title>Spracovanie osobn\u00fdch \u00fadajov - MDPhysiotherapy.sk<\/title>\n<meta name=\"robots\" content=\"index, follow, max-snippet:-1, max-image-preview:large, max-video-preview:-1\" \/>\n<link rel=\"canonical\" href=\"https:\/\/mdphysiotherapy.sk\/?page_id=506\" \/>\n<meta property=\"og:locale\" content=\"sk_SK\" \/>\n<meta property=\"og:type\" content=\"article\" \/>\n<meta property=\"og:title\" content=\"Spracovanie osobn\u00fdch \u00fadajov - MDPhysiotherapy.sk\" \/>\n<meta property=\"og:description\" content=\"Ochrana osobn\u00fdch \u00fadajov 1. Z\u00e1kladn\u00e9 inform\u00e1cie Prev\u00e1dzkovate\u013eom webovej str\u00e1nky&nbsp;mdphysiotherapy.sk&nbsp;je: MD Physiotherapy(e-mail: mphysiod@gmail.com)(telef\u00f3n: +421 907 411 934) Prev\u00e1dzkovate\u013e sprac\u00fava osobn\u00e9 \u00fadaje v s\u00falade s Nariaden\u00edm Eur\u00f3pskeho parlamentu a Rady (E\u00da) 2016\/679 (GDPR) a pr\u00e1vnymi predpismi Slovenskej republiky. 2. Ak\u00e9 osobn\u00e9 \u00fadaje sprac\u00favame Sprac\u00favame osobn\u00e9 \u00fadaje, ktor\u00e9 n\u00e1m poskytnete prostredn\u00edctvom: Kontaktn\u00e9ho formul\u00e1ra Rezerva\u010dn\u00e9ho syst\u00e9mu Pri vytv\u00e1ran\u00ed rezerv\u00e1cie [&hellip;]\" \/>\n<meta property=\"og:url\" content=\"https:\/\/mdphysiotherapy.sk\/?page_id=506\" \/>\n<meta property=\"og:site_name\" content=\"MDPhysiotherapy.sk\" \/>\n<meta property=\"article:modified_time\" content=\"2026-03-22T17:11:26+00:00\" \/>\n<meta name=\"twitter:card\" content=\"summary_large_image\" \/>\n<meta name=\"twitter:label1\" content=\"Predpokladan\u00fd \u010das \u010d\u00edtania\" \/>\n\t<meta name=\"twitter:data1\" content=\"2 min\u00faty\" \/>\n<script type=\"application\/ld+json\" class=\"yoast-schema-graph\">{\"@context\":\"https:\\\/\\\/schema.org\",\"@graph\":[{\"@type\":\"WebPage\",\"@id\":\"https:\\\/\\\/mdphysiotherapy.sk\\\/?page_id=506\",\"url\":\"https:\\\/\\\/mdphysiotherapy.sk\\\/?page_id=506\",\"name\":\"Spracovanie osobn\u00fdch \u00fadajov - MDPhysiotherapy.sk\",\"isPartOf\":{\"@id\":\"https:\\\/\\\/mdphysiotherapy.sk\\\/#website\"},\"datePublished\":\"2026-03-22T17:11:24+00:00\",\"dateModified\":\"2026-03-22T17:11:26+00:00\",\"breadcrumb\":{\"@id\":\"https:\\\/\\\/mdphysiotherapy.sk\\\/?page_id=506#breadcrumb\"},\"inLanguage\":\"sk-SK\",\"potentialAction\":[{\"@type\":\"ReadAction\",\"target\":[\"https:\\\/\\\/mdphysiotherapy.sk\\\/?page_id=506\"]}]},{\"@type\":\"BreadcrumbList\",\"@id\":\"https:\\\/\\\/mdphysiotherapy.sk\\\/?page_id=506#breadcrumb\",\"itemListElement\":[{\"@type\":\"ListItem\",\"position\":1,\"name\":\"Home\",\"item\":\"https:\\\/\\\/mdphysiotherapy.sk\\\/\"},{\"@type\":\"ListItem\",\"position\":2,\"name\":\"Spracovanie osobn\u00fdch \u00fadajov\"}]},{\"@type\":\"WebSite\",\"@id\":\"https:\\\/\\\/mdphysiotherapy.sk\\\/#website\",\"url\":\"https:\\\/\\\/mdphysiotherapy.sk\\\/\",\"name\":\"MDPhysiotherapy.sk\",\"description\":\"\",\"potentialAction\":[{\"@type\":\"SearchAction\",\"target\":{\"@type\":\"EntryPoint\",\"urlTemplate\":\"https:\\\/\\\/mdphysiotherapy.sk\\\/?s={search_term_string}\"},\"query-input\":{\"@type\":\"PropertyValueSpecification\",\"valueRequired\":true,\"valueName\":\"search_term_string\"}}],\"inLanguage\":\"sk-SK\"}]}<\/script>\n<!-- \/ Yoast SEO plugin. -->","yoast_head_json":{"title":"Spracovanie osobn\u00fdch \u00fadajov - MDPhysiotherapy.sk","robots":{"index":"index","follow":"follow","max-snippet":"max-snippet:-1","max-image-preview":"max-image-preview:large","max-video-preview":"max-video-preview:-1"},"canonical":"https:\/\/mdphysiotherapy.sk\/?page_id=506","og_locale":"sk_SK","og_type":"article","og_title":"Spracovanie osobn\u00fdch \u00fadajov - MDPhysiotherapy.sk","og_description":"Ochrana osobn\u00fdch \u00fadajov 1. Z\u00e1kladn\u00e9 inform\u00e1cie Prev\u00e1dzkovate\u013eom webovej str\u00e1nky&nbsp;mdphysiotherapy.sk&nbsp;je: MD Physiotherapy(e-mail: mphysiod@gmail.com)(telef\u00f3n: +421 907 411 934) Prev\u00e1dzkovate\u013e sprac\u00fava osobn\u00e9 \u00fadaje v s\u00falade s Nariaden\u00edm Eur\u00f3pskeho parlamentu a Rady (E\u00da) 2016\/679 (GDPR) a pr\u00e1vnymi predpismi Slovenskej republiky. 2. Ak\u00e9 osobn\u00e9 \u00fadaje sprac\u00favame Sprac\u00favame osobn\u00e9 \u00fadaje, ktor\u00e9 n\u00e1m poskytnete prostredn\u00edctvom: Kontaktn\u00e9ho formul\u00e1ra Rezerva\u010dn\u00e9ho syst\u00e9mu Pri vytv\u00e1ran\u00ed rezerv\u00e1cie [&hellip;]","og_url":"https:\/\/mdphysiotherapy.sk\/?page_id=506","og_site_name":"MDPhysiotherapy.sk","article_modified_time":"2026-03-22T17:11:26+00:00","twitter_card":"summary_large_image","twitter_misc":{"Predpokladan\u00fd \u010das \u010d\u00edtania":"2 min\u00faty"},"schema":{"@context":"https:\/\/schema.org","@graph":[{"@type":"WebPage","@id":"https:\/\/mdphysiotherapy.sk\/?page_id=506","url":"https:\/\/mdphysiotherapy.sk\/?page_id=506","name":"Spracovanie osobn\u00fdch \u00fadajov - MDPhysiotherapy.sk","isPartOf":{"@id":"https:\/\/mdphysiotherapy.sk\/#website"},"datePublished":"2026-03-22T17:11:24+00:00","dateModified":"2026-03-22T17:11:26+00:00","breadcrumb":{"@id":"https:\/\/mdphysiotherapy.sk\/?page_id=506#breadcrumb"},"inLanguage":"sk-SK","potentialAction":[{"@type":"ReadAction","target":["https:\/\/mdphysiotherapy.sk\/?page_id=506"]}]},{"@type":"BreadcrumbList","@id":"https:\/\/mdphysiotherapy.sk\/?page_id=506#breadcrumb","itemListElement":[{"@type":"ListItem","position":1,"name":"Home","item":"https:\/\/mdphysiotherapy.sk\/"},{"@type":"ListItem","position":2,"name":"Spracovanie osobn\u00fdch \u00fadajov"}]},{"@type":"WebSite","@id":"https:\/\/mdphysiotherapy.sk\/#website","url":"https:\/\/mdphysiotherapy.sk\/","name":"MDPhysiotherapy.sk","description":"","potentialAction":[{"@type":"SearchAction","target":{"@type":"EntryPoint","urlTemplate":"https:\/\/mdphysiotherapy.sk\/?s={search_term_string}"},"query-input":{"@type":"PropertyValueSpecification","valueRequired":true,"valueName":"search_term_string"}}],"inLanguage":"sk-SK"}]}},"uagb_featured_image_src":{"full":false,"thumbnail":false,"medium":false,"medium_large":false,"large":false,"1536x1536":false,"2048x2048":false,"post-thumbnail":false,"refur-sticky":false,"refur-showcase":false},"uagb_author_info":{"display_name":"admin","author_link":"https:\/\/mdphysiotherapy.sk\/?author=1"},"uagb_comment_info":0,"uagb_excerpt":"Ochrana osobn\u00fdch \u00fadajov 1. Z\u00e1kladn\u00e9 inform\u00e1cie Prev\u00e1dzkovate\u013eom webovej str\u00e1nky&nbsp;mdphysiotherapy.sk&nbsp;je: MD Physiotherapy(e-mail: mphysiod@gmail.com)(telef\u00f3n: +421 907 411 934) Prev\u00e1dzkovate\u013e sprac\u00fava osobn\u00e9 \u00fadaje v s\u00falade s Nariaden\u00edm Eur\u00f3pskeho parlamentu a Rady (E\u00da) 2016\/679 (GDPR) a pr\u00e1vnymi predpismi Slovenskej republiky. 2. Ak\u00e9 osobn\u00e9 \u00fadaje sprac\u00favame Sprac\u00favame osobn\u00e9 \u00fadaje, ktor\u00e9 n\u00e1m poskytnete prostredn\u00edctvom: Kontaktn\u00e9ho formul\u00e1ra Rezerva\u010dn\u00e9ho syst\u00e9mu Pri vytv\u00e1ran\u00ed rezerv\u00e1cie&hellip;","_links":{"self":[{"href":"https:\/\/mdphysiotherapy.sk\/index.php?rest_route=\/wp\/v2\/pages\/506","targetHints":{"allow":["GET"]}}],"collection":[{"href":"https:\/\/mdphysiotherapy.sk\/index.php?rest_route=\/wp\/v2\/pages"}],"about":[{"href":"https:\/\/mdphysiotherapy.sk\/index.php?rest_route=\/wp\/v2\/types\/page"}],"author":[{"embeddable":true,"href":"https:\/\/mdphysiotherapy.sk\/index.php?rest_route=\/wp\/v2\/users\/1"}],"replies":[{"embeddable":true,"href":"https:\/\/mdphysiotherapy.sk\/index.php?rest_route=%2Fwp%2Fv2%2Fcomments&post=506"}],"version-history":[{"count":1,"href":"https:\/\/mdphysiotherapy.sk\/index.php?rest_route=\/wp\/v2\/pages\/506\/revisions"}],"predecessor-version":[{"id":507,"href":"https:\/\/mdphysiotherapy.sk\/index.php?rest_route=\/wp\/v2\/pages\/506\/revisions\/507"}],"wp:attachment":[{"href":"https:\/\/mdphysiotherapy.sk\/index.php?rest_route=%2Fwp%2Fv2%2Fmedia&parent=506"}],"curies":[{"name":"wp","href":"https:\/\/api.w.org\/{rel}","templated":true}]}}